{"id":4082,"date":"2024-04-04T14:29:29","date_gmt":"2024-04-04T13:29:29","guid":{"rendered":"https:\/\/hairgonomy.com\/cursuri\/hairgonomy-mens\/"},"modified":"2024-05-15T16:55:54","modified_gmt":"2024-05-15T15:55:54","slug":"hairgonomy-mens","status":"publish","type":"page","link":"https:\/\/hairgonomy.com\/ro\/cursuri\/hairgonomy-mens\/","title":{"rendered":"HAIRGONOMY MEN\u2019S"},"content":{"rendered":"<div class=\"wpb-content-wrapper\"><p>[vc_row][vc_column reveal_effect=&#8221;fadeIn&#8221; reveal_duration=&#8221;0.7&#8243;][lab_heading title=&#8221;HAIRGONOMY MEN\u2019S&#8221;]Acest curs v\u0103 va \u00eenv\u0103\u021ba totul despre coafura b\u0103rba\u021bilor, de la tehnic\u0103 \u0219i estetic\u0103 p\u00e2n\u0103 la combina\u021bii, deconect\u0103ri, lucrul cu foarfeca peste pieptene \u0219i masina de tuns.<\/p>\n<p>Cursurile perfecte pentru oricine caut\u0103 educa\u021bie tehnic\u0103 pentru b\u0103rba\u021bi.<\/p>\n<p>Cursul complet const\u0103 din 3 cursuri de dou\u0103 zile, pornind de la forme tehnice pure, urmate de combinarea tehnicilor \u0219i se termin\u0103 cu tehnici scurte deconectate. Un curs cu adev\u0103rat de sine st\u0103t\u0103tor, potrivit pentru to\u021bi iubitorii de p\u0103r pentru b\u0103rba\u021bi, at\u00e2t \u00een frizerii, c\u00e2t \u0219i \u00een industria de coafur\u0103.[\/lab_heading][vc_column_text css=&#8221;&#8221;]<strong>DURAT\u0102: 2 ZILE<\/strong><br \/>\n<strong>PRE\u021a: 400 EURO<\/strong><br \/>\n<strong>(INCLUDE MASA DE PRANZ \u0218I MANECHIN PRACTIC\u0102)<\/strong>[\/vc_column_text][\/vc_column][\/vc_row][vc_row css=&#8221;.vc_custom_1426246378123{margin-bottom: 0px !important;}&#8221;][vc_column reveal_effect=&#8221;fadeIn&#8221; reveal_duration=&#8221;1&#8243; css=&#8221;.vc_custom_1504614928532{margin-right: 0px !important;padding-right: 0px !important;}&#8221; el_class=&#8221;no-margin-desktop&#8221;][vc_single_image image=&#8221;3767&#8243; img_size=&#8221;full&#8221; css=&#8221;.vc_custom_1712236557482{margin-bottom: 0px !important;}&#8221;][\/vc_column][\/vc_row]<\/p>\n<\/div>","protected":false},"excerpt":{"rendered":"<p>[vc_row][vc_column reveal_effect=&#8221;fadeIn&#8221; reveal_duration=&#8221;0.7&#8243;][lab_heading title=&#8221;HAIRGONOMY MEN\u2019S&#8221;]Acest curs v\u0103 va \u00eenv\u0103\u021ba totul despre coafura b\u0103rba\u021bilor, de la tehnic\u0103 \u0219i estetic\u0103 p\u00e2n\u0103 la combina\u021bii, deconect\u0103ri, lucrul cu foarfeca peste pieptene \u0219i masina de tuns. Cursurile perfecte pentru oricine caut\u0103 educa\u021bie tehnic\u0103 pentru b\u0103rba\u021bi. Cursul complet const\u0103 din 3 cursuri de dou\u0103 zile, pornind de la forme tehnice pure,&hellip;<\/p>\n","protected":false},"author":1,"featured_media":0,"parent":4046,"menu_order":0,"comment_status":"closed","ping_status":"closed","template":"","meta":{"_acf_changed":false,"footnotes":""},"class_list":["post-4082","page","type-page","status-publish","hentry"],"acf":[],"yoast_head":"<!-- This site is optimized with the Yoast SEO plugin v24.2 - https:\/\/yoast.com\/wordpress\/plugins\/seo\/ -->\n<title>HAIRGONOMY MEN\u2019S - Hairgonomy<\/title>\n<meta name=\"robots\" content=\"index, follow, max-snippet:-1, max-image-preview:large, max-video-preview:-1\" \/>\n<link rel=\"canonical\" href=\"https:\/\/hairgonomy.com\/courses\/hairgonomy-mens\/\" \/>\n<meta property=\"og:locale\" content=\"ro_RO\" \/>\n<meta property=\"og:type\" content=\"article\" \/>\n<meta property=\"og:title\" content=\"HAIRGONOMY MEN\u2019S - Hairgonomy\" \/>\n<meta property=\"og:description\" content=\"[vc_row][vc_column reveal_effect=&#8221;fadeIn&#8221; reveal_duration=&#8221;0.7&#8243;][lab_heading title=&#8221;HAIRGONOMY MEN\u2019S&#8221;]Acest curs v\u0103 va \u00eenv\u0103\u021ba totul despre coafura b\u0103rba\u021bilor, de la tehnic\u0103 \u0219i estetic\u0103 p\u00e2n\u0103 la combina\u021bii, deconect\u0103ri, lucrul cu foarfeca peste pieptene \u0219i masina de tuns. Cursurile perfecte pentru oricine caut\u0103 educa\u021bie tehnic\u0103 pentru b\u0103rba\u021bi. Cursul complet const\u0103 din 3 cursuri de dou\u0103 zile, pornind de la forme tehnice pure,&hellip;\" \/>\n<meta property=\"og:url\" content=\"https:\/\/hairgonomy.com\/courses\/hairgonomy-mens\/\" \/>\n<meta property=\"og:site_name\" content=\"Hairgonomy\" \/>\n<meta property=\"article:modified_time\" content=\"2024-05-15T15:55:54+00:00\" \/>\n<meta name=\"twitter:card\" content=\"summary_large_image\" \/>\n<meta name=\"twitter:label1\" content=\"Timp estimat pentru citire\" \/>\n\t<meta name=\"twitter:data1\" content=\"1 minut\" \/>\n<script type=\"application\/ld+json\" class=\"yoast-schema-graph\">{\"@context\":\"https:\/\/schema.org\",\"@graph\":[{\"@type\":\"WebPage\",\"@id\":\"https:\/\/hairgonomy.com\/courses\/hairgonomy-mens\/\",\"url\":\"https:\/\/hairgonomy.com\/courses\/hairgonomy-mens\/\",\"name\":\"HAIRGONOMY MEN\u2019S - Hairgonomy\",\"isPartOf\":{\"@id\":\"https:\/\/hairgonomy.com\/#website\"},\"datePublished\":\"2024-04-04T13:29:29+00:00\",\"dateModified\":\"2024-05-15T15:55:54+00:00\",\"breadcrumb\":{\"@id\":\"https:\/\/hairgonomy.com\/courses\/hairgonomy-mens\/#breadcrumb\"},\"inLanguage\":\"ro-RO\",\"potentialAction\":[{\"@type\":\"ReadAction\",\"target\":[\"https:\/\/hairgonomy.com\/courses\/hairgonomy-mens\/\"]}]},{\"@type\":\"BreadcrumbList\",\"@id\":\"https:\/\/hairgonomy.com\/courses\/hairgonomy-mens\/#breadcrumb\",\"itemListElement\":[{\"@type\":\"ListItem\",\"position\":1,\"name\":\"Home\",\"item\":\"https:\/\/hairgonomy.com\/ro\/\"},{\"@type\":\"ListItem\",\"position\":2,\"name\":\"Cursuri\",\"item\":\"https:\/\/hairgonomy.com\/courses\/\"},{\"@type\":\"ListItem\",\"position\":3,\"name\":\"HAIRGONOMY MEN\u2019S\"}]},{\"@type\":\"WebSite\",\"@id\":\"https:\/\/hairgonomy.com\/#website\",\"url\":\"https:\/\/hairgonomy.com\/\",\"name\":\"Hairgonomy\",\"description\":\"\",\"potentialAction\":[{\"@type\":\"SearchAction\",\"target\":{\"@type\":\"EntryPoint\",\"urlTemplate\":\"https:\/\/hairgonomy.com\/?s={search_term_string}\"},\"query-input\":{\"@type\":\"PropertyValueSpecification\",\"valueRequired\":true,\"valueName\":\"search_term_string\"}}],\"inLanguage\":\"ro-RO\"}]}<\/script>\n<!-- \/ Yoast SEO plugin. -->","yoast_head_json":{"title":"HAIRGONOMY MEN\u2019S - Hairgonomy","robots":{"index":"index","follow":"follow","max-snippet":"max-snippet:-1","max-image-preview":"max-image-preview:large","max-video-preview":"max-video-preview:-1"},"canonical":"https:\/\/hairgonomy.com\/courses\/hairgonomy-mens\/","og_locale":"ro_RO","og_type":"article","og_title":"HAIRGONOMY MEN\u2019S - Hairgonomy","og_description":"[vc_row][vc_column reveal_effect=&#8221;fadeIn&#8221; reveal_duration=&#8221;0.7&#8243;][lab_heading title=&#8221;HAIRGONOMY MEN\u2019S&#8221;]Acest curs v\u0103 va \u00eenv\u0103\u021ba totul despre coafura b\u0103rba\u021bilor, de la tehnic\u0103 \u0219i estetic\u0103 p\u00e2n\u0103 la combina\u021bii, deconect\u0103ri, lucrul cu foarfeca peste pieptene \u0219i masina de tuns. Cursurile perfecte pentru oricine caut\u0103 educa\u021bie tehnic\u0103 pentru b\u0103rba\u021bi. Cursul complet const\u0103 din 3 cursuri de dou\u0103 zile, pornind de la forme tehnice pure,&hellip;","og_url":"https:\/\/hairgonomy.com\/courses\/hairgonomy-mens\/","og_site_name":"Hairgonomy","article_modified_time":"2024-05-15T15:55:54+00:00","twitter_card":"summary_large_image","twitter_misc":{"Timp estimat pentru citire":"1 minut"},"schema":{"@context":"https:\/\/schema.org","@graph":[{"@type":"WebPage","@id":"https:\/\/hairgonomy.com\/courses\/hairgonomy-mens\/","url":"https:\/\/hairgonomy.com\/courses\/hairgonomy-mens\/","name":"HAIRGONOMY MEN\u2019S - Hairgonomy","isPartOf":{"@id":"https:\/\/hairgonomy.com\/#website"},"datePublished":"2024-04-04T13:29:29+00:00","dateModified":"2024-05-15T15:55:54+00:00","breadcrumb":{"@id":"https:\/\/hairgonomy.com\/courses\/hairgonomy-mens\/#breadcrumb"},"inLanguage":"ro-RO","potentialAction":[{"@type":"ReadAction","target":["https:\/\/hairgonomy.com\/courses\/hairgonomy-mens\/"]}]},{"@type":"BreadcrumbList","@id":"https:\/\/hairgonomy.com\/courses\/hairgonomy-mens\/#breadcrumb","itemListElement":[{"@type":"ListItem","position":1,"name":"Home","item":"https:\/\/hairgonomy.com\/ro\/"},{"@type":"ListItem","position":2,"name":"Cursuri","item":"https:\/\/hairgonomy.com\/courses\/"},{"@type":"ListItem","position":3,"name":"HAIRGONOMY MEN\u2019S"}]},{"@type":"WebSite","@id":"https:\/\/hairgonomy.com\/#website","url":"https:\/\/hairgonomy.com\/","name":"Hairgonomy","description":"","potentialAction":[{"@type":"SearchAction","target":{"@type":"EntryPoint","urlTemplate":"https:\/\/hairgonomy.com\/?s={search_term_string}"},"query-input":{"@type":"PropertyValueSpecification","valueRequired":true,"valueName":"search_term_string"}}],"inLanguage":"ro-RO"}]}},"_links":{"self":[{"href":"https:\/\/hairgonomy.com\/ro\/wp-json\/wp\/v2\/pages\/4082","targetHints":{"allow":["GET"]}}],"collection":[{"href":"https:\/\/hairgonomy.com\/ro\/wp-json\/wp\/v2\/pages"}],"about":[{"href":"https:\/\/hairgonomy.com\/ro\/wp-json\/wp\/v2\/types\/page"}],"author":[{"embeddable":true,"href":"https:\/\/hairgonomy.com\/ro\/wp-json\/wp\/v2\/users\/1"}],"replies":[{"embeddable":true,"href":"https:\/\/hairgonomy.com\/ro\/wp-json\/wp\/v2\/comments?post=4082"}],"version-history":[{"count":2,"href":"https:\/\/hairgonomy.com\/ro\/wp-json\/wp\/v2\/pages\/4082\/revisions"}],"predecessor-version":[{"id":4084,"href":"https:\/\/hairgonomy.com\/ro\/wp-json\/wp\/v2\/pages\/4082\/revisions\/4084"}],"up":[{"embeddable":true,"href":"https:\/\/hairgonomy.com\/ro\/wp-json\/wp\/v2\/pages\/4046"}],"wp:attachment":[{"href":"https:\/\/hairgonomy.com\/ro\/wp-json\/wp\/v2\/media?parent=4082"}],"curies":[{"name":"wp","href":"https:\/\/api.w.org\/{rel}","templated":true}]}}