{"id":4071,"date":"2024-04-04T14:23:03","date_gmt":"2024-04-04T13:23:03","guid":{"rendered":"https:\/\/hairgonomy.com\/cursuri\/hairgonomix-modern-salon\/"},"modified":"2024-05-15T16:20:10","modified_gmt":"2024-05-15T15:20:10","slug":"hairgonomix-modern-salon","status":"publish","type":"page","link":"https:\/\/hairgonomy.com\/ro\/cursuri\/hairgonomix-modern-salon\/","title":{"rendered":"HAIRGONOMIX MODERN SALON"},"content":{"rendered":"<div class=\"wpb-content-wrapper\"><p>[vc_row][vc_column reveal_effect=&#8221;fadeIn&#8221; reveal_duration=&#8221;0.7&#8243;][lab_heading title=&#8221;HAIRGONOMIX MODERN SALON&#8221;]Urm\u0103torul pas dup\u0103 finalizarea form\u0103rii de baz\u0103.<\/p>\n<p>Salonul modern Hairgonomy este totul despre combina\u021bii. Ve\u021bi \u00eenv\u0103\u021ba totul despre amestecarea celor 9 tehnici de tuns de baza pentru a crea o varietate nesf\u00e2r\u0219it\u0103 de look-uri potrivite pentru mediile moderne de salon.<\/p>\n<p>Pe l\u00e2ng\u0103 tehnicile de combinare, clasa include informa\u021bii detaliate despre diferite tehnici de texturare \u0219i sub\u021biere pentru a v\u0103 ar\u0103ta cum s\u0103 controla\u021bi textura \u0219i mi\u0219carea natural\u0103 a p\u0103rului \u0219i s\u0103 ajusta\u021bi abilitatile tehnicii dumneavoastr\u0103.[\/lab_heading][vc_column_text css=&#8221;&#8221;]<strong>DURAT\u0102: 2 ZILE<\/strong><br \/>\n<strong>PRE\u021a: 400 EURO<\/strong><br \/>\n<strong>(INCLUDE MASA DE PRANZ \u0218I MANECHIN PRACTIC\u0102)<\/strong>[\/vc_column_text][\/vc_column][\/vc_row][vc_row css=&#8221;.vc_custom_1426246378123{margin-bottom: 0px !important;}&#8221;][vc_column reveal_effect=&#8221;fadeIn&#8221; reveal_duration=&#8221;1&#8243; css=&#8221;.vc_custom_1504614928532{margin-right: 0px !important;padding-right: 0px !important;}&#8221; el_class=&#8221;no-margin-desktop&#8221;][vc_single_image image=&#8221;3767&#8243; img_size=&#8221;full&#8221; css=&#8221;.vc_custom_1712236557482{margin-bottom: 0px !important;}&#8221;][\/vc_column][\/vc_row]<\/p>\n<\/div>","protected":false},"excerpt":{"rendered":"<p>[vc_row][vc_column reveal_effect=&#8221;fadeIn&#8221; reveal_duration=&#8221;0.7&#8243;][lab_heading title=&#8221;HAIRGONOMIX MODERN SALON&#8221;]Urm\u0103torul pas dup\u0103 finalizarea form\u0103rii de baz\u0103. Salonul modern Hairgonomy este totul despre combina\u021bii. Ve\u021bi \u00eenv\u0103\u021ba totul despre amestecarea celor 9 tehnici de tuns de baza pentru a crea o varietate nesf\u00e2r\u0219it\u0103 de look-uri potrivite pentru mediile moderne de salon. Pe l\u00e2ng\u0103 tehnicile de combinare, clasa include informa\u021bii detaliate despre&hellip;<\/p>\n","protected":false},"author":1,"featured_media":0,"parent":4046,"menu_order":0,"comment_status":"closed","ping_status":"closed","template":"","meta":{"_acf_changed":false,"footnotes":""},"class_list":["post-4071","page","type-page","status-publish","hentry"],"acf":[],"yoast_head":"<!-- This site is optimized with the Yoast SEO plugin v24.2 - https:\/\/yoast.com\/wordpress\/plugins\/seo\/ -->\n<title>HAIRGONOMIX MODERN SALON - Hairgonomy<\/title>\n<meta name=\"robots\" content=\"index, follow, max-snippet:-1, max-image-preview:large, max-video-preview:-1\" \/>\n<link rel=\"canonical\" href=\"https:\/\/hairgonomy.com\/courses\/hairgonomix-modern-salon\/\" \/>\n<meta property=\"og:locale\" content=\"ro_RO\" \/>\n<meta property=\"og:type\" content=\"article\" \/>\n<meta property=\"og:title\" content=\"HAIRGONOMIX MODERN SALON - Hairgonomy\" \/>\n<meta property=\"og:description\" content=\"[vc_row][vc_column reveal_effect=&#8221;fadeIn&#8221; reveal_duration=&#8221;0.7&#8243;][lab_heading title=&#8221;HAIRGONOMIX MODERN SALON&#8221;]Urm\u0103torul pas dup\u0103 finalizarea form\u0103rii de baz\u0103. Salonul modern Hairgonomy este totul despre combina\u021bii. Ve\u021bi \u00eenv\u0103\u021ba totul despre amestecarea celor 9 tehnici de tuns de baza pentru a crea o varietate nesf\u00e2r\u0219it\u0103 de look-uri potrivite pentru mediile moderne de salon. Pe l\u00e2ng\u0103 tehnicile de combinare, clasa include informa\u021bii detaliate despre&hellip;\" \/>\n<meta property=\"og:url\" content=\"https:\/\/hairgonomy.com\/courses\/hairgonomix-modern-salon\/\" \/>\n<meta property=\"og:site_name\" content=\"Hairgonomy\" \/>\n<meta property=\"article:modified_time\" content=\"2024-05-15T15:20:10+00:00\" \/>\n<meta name=\"twitter:card\" content=\"summary_large_image\" \/>\n<meta name=\"twitter:label1\" content=\"Timp estimat pentru citire\" \/>\n\t<meta name=\"twitter:data1\" content=\"1 minut\" \/>\n<script type=\"application\/ld+json\" class=\"yoast-schema-graph\">{\"@context\":\"https:\/\/schema.org\",\"@graph\":[{\"@type\":\"WebPage\",\"@id\":\"https:\/\/hairgonomy.com\/courses\/hairgonomix-modern-salon\/\",\"url\":\"https:\/\/hairgonomy.com\/courses\/hairgonomix-modern-salon\/\",\"name\":\"HAIRGONOMIX MODERN SALON - Hairgonomy\",\"isPartOf\":{\"@id\":\"https:\/\/hairgonomy.com\/#website\"},\"datePublished\":\"2024-04-04T13:23:03+00:00\",\"dateModified\":\"2024-05-15T15:20:10+00:00\",\"breadcrumb\":{\"@id\":\"https:\/\/hairgonomy.com\/courses\/hairgonomix-modern-salon\/#breadcrumb\"},\"inLanguage\":\"ro-RO\",\"potentialAction\":[{\"@type\":\"ReadAction\",\"target\":[\"https:\/\/hairgonomy.com\/courses\/hairgonomix-modern-salon\/\"]}]},{\"@type\":\"BreadcrumbList\",\"@id\":\"https:\/\/hairgonomy.com\/courses\/hairgonomix-modern-salon\/#breadcrumb\",\"itemListElement\":[{\"@type\":\"ListItem\",\"position\":1,\"name\":\"Home\",\"item\":\"https:\/\/hairgonomy.com\/ro\/\"},{\"@type\":\"ListItem\",\"position\":2,\"name\":\"Cursuri\",\"item\":\"https:\/\/hairgonomy.com\/courses\/\"},{\"@type\":\"ListItem\",\"position\":3,\"name\":\"HAIRGONOMIX MODERN SALON\"}]},{\"@type\":\"WebSite\",\"@id\":\"https:\/\/hairgonomy.com\/#website\",\"url\":\"https:\/\/hairgonomy.com\/\",\"name\":\"Hairgonomy\",\"description\":\"\",\"potentialAction\":[{\"@type\":\"SearchAction\",\"target\":{\"@type\":\"EntryPoint\",\"urlTemplate\":\"https:\/\/hairgonomy.com\/?s={search_term_string}\"},\"query-input\":{\"@type\":\"PropertyValueSpecification\",\"valueRequired\":true,\"valueName\":\"search_term_string\"}}],\"inLanguage\":\"ro-RO\"}]}<\/script>\n<!-- \/ Yoast SEO plugin. -->","yoast_head_json":{"title":"HAIRGONOMIX MODERN SALON - Hairgonomy","robots":{"index":"index","follow":"follow","max-snippet":"max-snippet:-1","max-image-preview":"max-image-preview:large","max-video-preview":"max-video-preview:-1"},"canonical":"https:\/\/hairgonomy.com\/courses\/hairgonomix-modern-salon\/","og_locale":"ro_RO","og_type":"article","og_title":"HAIRGONOMIX MODERN SALON - Hairgonomy","og_description":"[vc_row][vc_column reveal_effect=&#8221;fadeIn&#8221; reveal_duration=&#8221;0.7&#8243;][lab_heading title=&#8221;HAIRGONOMIX MODERN SALON&#8221;]Urm\u0103torul pas dup\u0103 finalizarea form\u0103rii de baz\u0103. Salonul modern Hairgonomy este totul despre combina\u021bii. Ve\u021bi \u00eenv\u0103\u021ba totul despre amestecarea celor 9 tehnici de tuns de baza pentru a crea o varietate nesf\u00e2r\u0219it\u0103 de look-uri potrivite pentru mediile moderne de salon. Pe l\u00e2ng\u0103 tehnicile de combinare, clasa include informa\u021bii detaliate despre&hellip;","og_url":"https:\/\/hairgonomy.com\/courses\/hairgonomix-modern-salon\/","og_site_name":"Hairgonomy","article_modified_time":"2024-05-15T15:20:10+00:00","twitter_card":"summary_large_image","twitter_misc":{"Timp estimat pentru citire":"1 minut"},"schema":{"@context":"https:\/\/schema.org","@graph":[{"@type":"WebPage","@id":"https:\/\/hairgonomy.com\/courses\/hairgonomix-modern-salon\/","url":"https:\/\/hairgonomy.com\/courses\/hairgonomix-modern-salon\/","name":"HAIRGONOMIX MODERN SALON - Hairgonomy","isPartOf":{"@id":"https:\/\/hairgonomy.com\/#website"},"datePublished":"2024-04-04T13:23:03+00:00","dateModified":"2024-05-15T15:20:10+00:00","breadcrumb":{"@id":"https:\/\/hairgonomy.com\/courses\/hairgonomix-modern-salon\/#breadcrumb"},"inLanguage":"ro-RO","potentialAction":[{"@type":"ReadAction","target":["https:\/\/hairgonomy.com\/courses\/hairgonomix-modern-salon\/"]}]},{"@type":"BreadcrumbList","@id":"https:\/\/hairgonomy.com\/courses\/hairgonomix-modern-salon\/#breadcrumb","itemListElement":[{"@type":"ListItem","position":1,"name":"Home","item":"https:\/\/hairgonomy.com\/ro\/"},{"@type":"ListItem","position":2,"name":"Cursuri","item":"https:\/\/hairgonomy.com\/courses\/"},{"@type":"ListItem","position":3,"name":"HAIRGONOMIX MODERN SALON"}]},{"@type":"WebSite","@id":"https:\/\/hairgonomy.com\/#website","url":"https:\/\/hairgonomy.com\/","name":"Hairgonomy","description":"","potentialAction":[{"@type":"SearchAction","target":{"@type":"EntryPoint","urlTemplate":"https:\/\/hairgonomy.com\/?s={search_term_string}"},"query-input":{"@type":"PropertyValueSpecification","valueRequired":true,"valueName":"search_term_string"}}],"inLanguage":"ro-RO"}]}},"_links":{"self":[{"href":"https:\/\/hairgonomy.com\/ro\/wp-json\/wp\/v2\/pages\/4071","targetHints":{"allow":["GET"]}}],"collection":[{"href":"https:\/\/hairgonomy.com\/ro\/wp-json\/wp\/v2\/pages"}],"about":[{"href":"https:\/\/hairgonomy.com\/ro\/wp-json\/wp\/v2\/types\/page"}],"author":[{"embeddable":true,"href":"https:\/\/hairgonomy.com\/ro\/wp-json\/wp\/v2\/users\/1"}],"replies":[{"embeddable":true,"href":"https:\/\/hairgonomy.com\/ro\/wp-json\/wp\/v2\/comments?post=4071"}],"version-history":[{"count":2,"href":"https:\/\/hairgonomy.com\/ro\/wp-json\/wp\/v2\/pages\/4071\/revisions"}],"predecessor-version":[{"id":4073,"href":"https:\/\/hairgonomy.com\/ro\/wp-json\/wp\/v2\/pages\/4071\/revisions\/4073"}],"up":[{"embeddable":true,"href":"https:\/\/hairgonomy.com\/ro\/wp-json\/wp\/v2\/pages\/4046"}],"wp:attachment":[{"href":"https:\/\/hairgonomy.com\/ro\/wp-json\/wp\/v2\/media?parent=4071"}],"curies":[{"name":"wp","href":"https:\/\/api.w.org\/{rel}","templated":true}]}}