{"id":4060,"date":"2024-04-04T14:18:23","date_gmt":"2024-04-04T13:18:23","guid":{"rendered":"https:\/\/hairgonomy.com\/fundamentals-salon-hairgonomy\/"},"modified":"2024-05-15T16:14:58","modified_gmt":"2024-05-15T15:14:58","slug":"fundamentals-salon-hairgonomy","status":"publish","type":"page","link":"https:\/\/hairgonomy.com\/ro\/cursuri\/fundamentals-salon-hairgonomy\/","title":{"rendered":"FUNDAMENTALS SALON HAIRGONOMY"},"content":{"rendered":"<div class=\"wpb-content-wrapper\"><p>[vc_row][vc_column reveal_effect=&#8221;fadeIn&#8221; reveal_duration=&#8221;0.7&#8243;][lab_heading title=&#8221;FUNDAMENTALS SALON HAIRGONOMY&#8221;]Funda\u021bia Hairgonomy adaptat\u0103 vie\u021bii de zi cu zi \u00een salon.<\/p>\n<p>Acest curs se refer\u0103 la a v\u0103 ar\u0103ta tehnici care pot fi utilizate \u00een via\u021ba de zi cu zi profesional\u0103 f\u0103r\u0103 a fi nevoie de niciun fel de ajust\u0103ri, urm\u00e2nd \u00een continuare structura celor 9 tehnici de funda\u021bie.<\/p>\n<p>Clasa perfect\u0103 pentru echipele de salon care doresc s\u0103-\u0219i dezvolte cuno\u0219tin\u021bele \u0219i setul de abilit\u0103\u021bi astfel \u00eenc\u00e2t s\u0103 poat\u0103 oferi servicii excep\u021bionale clien\u021bilor lor.<\/p>\n<p>Acest curs include 2 clase separate de 2 zile, fiecare oferindu-v\u0103 3 tehnici cu care s\u0103 v\u0103 impresiona\u021bi clien\u021bii.[\/lab_heading][vc_column_text css=&#8221;&#8221;]<strong>DURAT\u0102: 2 ZILE<\/strong><br \/>\n<strong>PRE\u021a: 400 EURO<\/strong><br \/>\n<strong>(INCLUDE MASA DE PRANZ \u0218I MANECHIN PRACTIC\u0102)<\/strong>[\/vc_column_text][\/vc_column][\/vc_row][vc_row css=&#8221;.vc_custom_1426246378123{margin-bottom: 0px !important;}&#8221;][vc_column reveal_effect=&#8221;fadeIn&#8221; reveal_duration=&#8221;1&#8243; css=&#8221;.vc_custom_1504614928532{margin-right: 0px !important;padding-right: 0px !important;}&#8221; el_class=&#8221;no-margin-desktop&#8221;][vc_single_image image=&#8221;3767&#8243; img_size=&#8221;full&#8221; css=&#8221;.vc_custom_1712236557482{margin-bottom: 0px !important;}&#8221;][\/vc_column][\/vc_row]<\/p>\n<\/div>","protected":false},"excerpt":{"rendered":"<p>[vc_row][vc_column reveal_effect=&#8221;fadeIn&#8221; reveal_duration=&#8221;0.7&#8243;][lab_heading title=&#8221;FUNDAMENTALS SALON HAIRGONOMY&#8221;]Funda\u021bia Hairgonomy adaptat\u0103 vie\u021bii de zi cu zi \u00een salon. Acest curs se refer\u0103 la a v\u0103 ar\u0103ta tehnici care pot fi utilizate \u00een via\u021ba de zi cu zi profesional\u0103 f\u0103r\u0103 a fi nevoie de niciun fel de ajust\u0103ri, urm\u00e2nd \u00een continuare structura celor 9 tehnici de funda\u021bie. Clasa perfect\u0103&hellip;<\/p>\n","protected":false},"author":1,"featured_media":0,"parent":4046,"menu_order":0,"comment_status":"closed","ping_status":"closed","template":"","meta":{"_acf_changed":false,"footnotes":""},"class_list":["post-4060","page","type-page","status-publish","hentry"],"acf":[],"yoast_head":"<!-- This site is optimized with the Yoast SEO plugin v24.2 - https:\/\/yoast.com\/wordpress\/plugins\/seo\/ -->\n<title>FUNDAMENTALS SALON HAIRGONOMY - Hairgonomy<\/title>\n<meta name=\"robots\" content=\"index, follow, max-snippet:-1, max-image-preview:large, max-video-preview:-1\" \/>\n<link rel=\"canonical\" href=\"https:\/\/hairgonomy.com\/courses\/fundamentals-salon-hairgonomy\/\" \/>\n<meta property=\"og:locale\" content=\"ro_RO\" \/>\n<meta property=\"og:type\" content=\"article\" \/>\n<meta property=\"og:title\" content=\"FUNDAMENTALS SALON HAIRGONOMY - Hairgonomy\" \/>\n<meta property=\"og:description\" content=\"[vc_row][vc_column reveal_effect=&#8221;fadeIn&#8221; reveal_duration=&#8221;0.7&#8243;][lab_heading title=&#8221;FUNDAMENTALS SALON HAIRGONOMY&#8221;]Funda\u021bia Hairgonomy adaptat\u0103 vie\u021bii de zi cu zi \u00een salon. Acest curs se refer\u0103 la a v\u0103 ar\u0103ta tehnici care pot fi utilizate \u00een via\u021ba de zi cu zi profesional\u0103 f\u0103r\u0103 a fi nevoie de niciun fel de ajust\u0103ri, urm\u00e2nd \u00een continuare structura celor 9 tehnici de funda\u021bie. Clasa perfect\u0103&hellip;\" \/>\n<meta property=\"og:url\" content=\"https:\/\/hairgonomy.com\/courses\/fundamentals-salon-hairgonomy\/\" \/>\n<meta property=\"og:site_name\" content=\"Hairgonomy\" \/>\n<meta property=\"article:modified_time\" content=\"2024-05-15T15:14:58+00:00\" \/>\n<meta name=\"twitter:card\" content=\"summary_large_image\" \/>\n<meta name=\"twitter:label1\" content=\"Timp estimat pentru citire\" \/>\n\t<meta name=\"twitter:data1\" content=\"1 minut\" \/>\n<script type=\"application\/ld+json\" class=\"yoast-schema-graph\">{\"@context\":\"https:\/\/schema.org\",\"@graph\":[{\"@type\":\"WebPage\",\"@id\":\"https:\/\/hairgonomy.com\/courses\/fundamentals-salon-hairgonomy\/\",\"url\":\"https:\/\/hairgonomy.com\/courses\/fundamentals-salon-hairgonomy\/\",\"name\":\"FUNDAMENTALS SALON HAIRGONOMY - Hairgonomy\",\"isPartOf\":{\"@id\":\"https:\/\/hairgonomy.com\/#website\"},\"datePublished\":\"2024-04-04T13:18:23+00:00\",\"dateModified\":\"2024-05-15T15:14:58+00:00\",\"breadcrumb\":{\"@id\":\"https:\/\/hairgonomy.com\/courses\/fundamentals-salon-hairgonomy\/#breadcrumb\"},\"inLanguage\":\"ro-RO\",\"potentialAction\":[{\"@type\":\"ReadAction\",\"target\":[\"https:\/\/hairgonomy.com\/courses\/fundamentals-salon-hairgonomy\/\"]}]},{\"@type\":\"BreadcrumbList\",\"@id\":\"https:\/\/hairgonomy.com\/courses\/fundamentals-salon-hairgonomy\/#breadcrumb\",\"itemListElement\":[{\"@type\":\"ListItem\",\"position\":1,\"name\":\"Home\",\"item\":\"https:\/\/hairgonomy.com\/ro\/\"},{\"@type\":\"ListItem\",\"position\":2,\"name\":\"Cursuri\",\"item\":\"https:\/\/hairgonomy.com\/courses\/\"},{\"@type\":\"ListItem\",\"position\":3,\"name\":\"FUNDAMENTALS SALON HAIRGONOMY\"}]},{\"@type\":\"WebSite\",\"@id\":\"https:\/\/hairgonomy.com\/#website\",\"url\":\"https:\/\/hairgonomy.com\/\",\"name\":\"Hairgonomy\",\"description\":\"\",\"potentialAction\":[{\"@type\":\"SearchAction\",\"target\":{\"@type\":\"EntryPoint\",\"urlTemplate\":\"https:\/\/hairgonomy.com\/?s={search_term_string}\"},\"query-input\":{\"@type\":\"PropertyValueSpecification\",\"valueRequired\":true,\"valueName\":\"search_term_string\"}}],\"inLanguage\":\"ro-RO\"}]}<\/script>\n<!-- \/ Yoast SEO plugin. -->","yoast_head_json":{"title":"FUNDAMENTALS SALON HAIRGONOMY - Hairgonomy","robots":{"index":"index","follow":"follow","max-snippet":"max-snippet:-1","max-image-preview":"max-image-preview:large","max-video-preview":"max-video-preview:-1"},"canonical":"https:\/\/hairgonomy.com\/courses\/fundamentals-salon-hairgonomy\/","og_locale":"ro_RO","og_type":"article","og_title":"FUNDAMENTALS SALON HAIRGONOMY - Hairgonomy","og_description":"[vc_row][vc_column reveal_effect=&#8221;fadeIn&#8221; reveal_duration=&#8221;0.7&#8243;][lab_heading title=&#8221;FUNDAMENTALS SALON HAIRGONOMY&#8221;]Funda\u021bia Hairgonomy adaptat\u0103 vie\u021bii de zi cu zi \u00een salon. Acest curs se refer\u0103 la a v\u0103 ar\u0103ta tehnici care pot fi utilizate \u00een via\u021ba de zi cu zi profesional\u0103 f\u0103r\u0103 a fi nevoie de niciun fel de ajust\u0103ri, urm\u00e2nd \u00een continuare structura celor 9 tehnici de funda\u021bie. Clasa perfect\u0103&hellip;","og_url":"https:\/\/hairgonomy.com\/courses\/fundamentals-salon-hairgonomy\/","og_site_name":"Hairgonomy","article_modified_time":"2024-05-15T15:14:58+00:00","twitter_card":"summary_large_image","twitter_misc":{"Timp estimat pentru citire":"1 minut"},"schema":{"@context":"https:\/\/schema.org","@graph":[{"@type":"WebPage","@id":"https:\/\/hairgonomy.com\/courses\/fundamentals-salon-hairgonomy\/","url":"https:\/\/hairgonomy.com\/courses\/fundamentals-salon-hairgonomy\/","name":"FUNDAMENTALS SALON HAIRGONOMY - Hairgonomy","isPartOf":{"@id":"https:\/\/hairgonomy.com\/#website"},"datePublished":"2024-04-04T13:18:23+00:00","dateModified":"2024-05-15T15:14:58+00:00","breadcrumb":{"@id":"https:\/\/hairgonomy.com\/courses\/fundamentals-salon-hairgonomy\/#breadcrumb"},"inLanguage":"ro-RO","potentialAction":[{"@type":"ReadAction","target":["https:\/\/hairgonomy.com\/courses\/fundamentals-salon-hairgonomy\/"]}]},{"@type":"BreadcrumbList","@id":"https:\/\/hairgonomy.com\/courses\/fundamentals-salon-hairgonomy\/#breadcrumb","itemListElement":[{"@type":"ListItem","position":1,"name":"Home","item":"https:\/\/hairgonomy.com\/ro\/"},{"@type":"ListItem","position":2,"name":"Cursuri","item":"https:\/\/hairgonomy.com\/courses\/"},{"@type":"ListItem","position":3,"name":"FUNDAMENTALS SALON HAIRGONOMY"}]},{"@type":"WebSite","@id":"https:\/\/hairgonomy.com\/#website","url":"https:\/\/hairgonomy.com\/","name":"Hairgonomy","description":"","potentialAction":[{"@type":"SearchAction","target":{"@type":"EntryPoint","urlTemplate":"https:\/\/hairgonomy.com\/?s={search_term_string}"},"query-input":{"@type":"PropertyValueSpecification","valueRequired":true,"valueName":"search_term_string"}}],"inLanguage":"ro-RO"}]}},"_links":{"self":[{"href":"https:\/\/hairgonomy.com\/ro\/wp-json\/wp\/v2\/pages\/4060","targetHints":{"allow":["GET"]}}],"collection":[{"href":"https:\/\/hairgonomy.com\/ro\/wp-json\/wp\/v2\/pages"}],"about":[{"href":"https:\/\/hairgonomy.com\/ro\/wp-json\/wp\/v2\/types\/page"}],"author":[{"embeddable":true,"href":"https:\/\/hairgonomy.com\/ro\/wp-json\/wp\/v2\/users\/1"}],"replies":[{"embeddable":true,"href":"https:\/\/hairgonomy.com\/ro\/wp-json\/wp\/v2\/comments?post=4060"}],"version-history":[{"count":7,"href":"https:\/\/hairgonomy.com\/ro\/wp-json\/wp\/v2\/pages\/4060\/revisions"}],"predecessor-version":[{"id":4067,"href":"https:\/\/hairgonomy.com\/ro\/wp-json\/wp\/v2\/pages\/4060\/revisions\/4067"}],"up":[{"embeddable":true,"href":"https:\/\/hairgonomy.com\/ro\/wp-json\/wp\/v2\/pages\/4046"}],"wp:attachment":[{"href":"https:\/\/hairgonomy.com\/ro\/wp-json\/wp\/v2\/media?parent=4060"}],"curies":[{"name":"wp","href":"https:\/\/api.w.org\/{rel}","templated":true}]}}