{"id":4054,"date":"2024-04-04T14:09:40","date_gmt":"2024-04-04T13:09:40","guid":{"rendered":"https:\/\/hairgonomy.com\/hairgonomy-fundamentals\/"},"modified":"2024-05-15T16:09:38","modified_gmt":"2024-05-15T15:09:38","slug":"hairgonomy-fundamentals","status":"publish","type":"page","link":"https:\/\/hairgonomy.com\/ro\/cursuri\/hairgonomy-fundamentals\/","title":{"rendered":"HAIRGONOMY FUNDAMENTALS"},"content":{"rendered":"<div class=\"wpb-content-wrapper\"><p>[vc_row][vc_column reveal_effect=&#8221;fadeIn&#8221; reveal_duration=&#8221;0.7&#8243;][lab_heading title=&#8221;HAIRGONOMY FUNDAMENTALS&#8221;]Aceasta este clasa ta de baz\u0103.<\/p>\n<p>Cu baza Hairgonomy v\u0103 vom oferi tot ce trebuie s\u0103 \u0219ti\u021bi despre cele nou\u0103 tehnici de tuns<\/p>\n<p>C\u00e2nd, cum \u0219i de ce s\u0103 le folosi\u021bi, \u00een timp ce v\u0103 \u00eenv\u0103\u021ba\u021bi cum s\u0103 controla\u021bi dinamica corpului, \u00een\u021belegerea adecv\u0103rii \u0219i a esteticii designului p\u0103rului.<\/p>\n<p>Cursul complet este \u00eemp\u0103r\u021bit \u00een 9 clase separate de 3 zile, fiecare oferindu-v\u0103 defalcarea complet\u0103 a unei singure tehnici.[\/lab_heading][vc_column_text css=&#8221;&#8221;]<strong>DURAT\u0102: 3 ZILE<\/strong><br \/>\n<strong>PRE\u021a: 500 EURO<\/strong><br \/>\n<strong>(INCLUDE MASA DE PRANZ \u0218I MANECHIN PRACTIC\u0102)<\/strong>[\/vc_column_text][\/vc_column][\/vc_row][vc_row css=&#8221;.vc_custom_1426246378123{margin-bottom: 0px !important;}&#8221;][vc_column reveal_effect=&#8221;fadeIn&#8221; reveal_duration=&#8221;1&#8243; css=&#8221;.vc_custom_1504614928532{margin-right: 0px !important;padding-right: 0px !important;}&#8221; el_class=&#8221;no-margin-desktop&#8221;][vc_single_image image=&#8221;3767&#8243; img_size=&#8221;full&#8221; css=&#8221;.vc_custom_1712236557482{margin-bottom: 0px !important;}&#8221;][\/vc_column][\/vc_row]<\/p>\n<\/div>","protected":false},"excerpt":{"rendered":"<p>[vc_row][vc_column reveal_effect=&#8221;fadeIn&#8221; reveal_duration=&#8221;0.7&#8243;][lab_heading title=&#8221;HAIRGONOMY FUNDAMENTALS&#8221;]Aceasta este clasa ta de baz\u0103. Cu baza Hairgonomy v\u0103 vom oferi tot ce trebuie s\u0103 \u0219ti\u021bi despre cele nou\u0103 tehnici de tuns C\u00e2nd, cum \u0219i de ce s\u0103 le folosi\u021bi, \u00een timp ce v\u0103 \u00eenv\u0103\u021ba\u021bi cum s\u0103 controla\u021bi dinamica corpului, \u00een\u021belegerea adecv\u0103rii \u0219i a esteticii designului p\u0103rului. Cursul complet este&hellip;<\/p>\n","protected":false},"author":1,"featured_media":0,"parent":4046,"menu_order":0,"comment_status":"closed","ping_status":"closed","template":"","meta":{"_acf_changed":false,"footnotes":""},"class_list":["post-4054","page","type-page","status-publish","hentry"],"acf":[],"yoast_head":"<!-- This site is optimized with the Yoast SEO plugin v24.2 - https:\/\/yoast.com\/wordpress\/plugins\/seo\/ -->\n<title>HAIRGONOMY FUNDAMENTALS - Hairgonomy<\/title>\n<meta name=\"robots\" content=\"index, follow, max-snippet:-1, max-image-preview:large, max-video-preview:-1\" \/>\n<link rel=\"canonical\" href=\"https:\/\/hairgonomy.com\/courses\/hairgonomy-fundamentals\/\" \/>\n<meta property=\"og:locale\" content=\"ro_RO\" \/>\n<meta property=\"og:type\" content=\"article\" \/>\n<meta property=\"og:title\" content=\"HAIRGONOMY FUNDAMENTALS - Hairgonomy\" \/>\n<meta property=\"og:description\" content=\"[vc_row][vc_column reveal_effect=&#8221;fadeIn&#8221; reveal_duration=&#8221;0.7&#8243;][lab_heading title=&#8221;HAIRGONOMY FUNDAMENTALS&#8221;]Aceasta este clasa ta de baz\u0103. Cu baza Hairgonomy v\u0103 vom oferi tot ce trebuie s\u0103 \u0219ti\u021bi despre cele nou\u0103 tehnici de tuns C\u00e2nd, cum \u0219i de ce s\u0103 le folosi\u021bi, \u00een timp ce v\u0103 \u00eenv\u0103\u021ba\u021bi cum s\u0103 controla\u021bi dinamica corpului, \u00een\u021belegerea adecv\u0103rii \u0219i a esteticii designului p\u0103rului. Cursul complet este&hellip;\" \/>\n<meta property=\"og:url\" content=\"https:\/\/hairgonomy.com\/courses\/hairgonomy-fundamentals\/\" \/>\n<meta property=\"og:site_name\" content=\"Hairgonomy\" \/>\n<meta property=\"article:modified_time\" content=\"2024-05-15T15:09:38+00:00\" \/>\n<meta name=\"twitter:card\" content=\"summary_large_image\" \/>\n<meta name=\"twitter:label1\" content=\"Timp estimat pentru citire\" \/>\n\t<meta name=\"twitter:data1\" content=\"1 minut\" \/>\n<script type=\"application\/ld+json\" class=\"yoast-schema-graph\">{\"@context\":\"https:\/\/schema.org\",\"@graph\":[{\"@type\":\"WebPage\",\"@id\":\"https:\/\/hairgonomy.com\/courses\/hairgonomy-fundamentals\/\",\"url\":\"https:\/\/hairgonomy.com\/courses\/hairgonomy-fundamentals\/\",\"name\":\"HAIRGONOMY FUNDAMENTALS - Hairgonomy\",\"isPartOf\":{\"@id\":\"https:\/\/hairgonomy.com\/#website\"},\"datePublished\":\"2024-04-04T13:09:40+00:00\",\"dateModified\":\"2024-05-15T15:09:38+00:00\",\"breadcrumb\":{\"@id\":\"https:\/\/hairgonomy.com\/courses\/hairgonomy-fundamentals\/#breadcrumb\"},\"inLanguage\":\"ro-RO\",\"potentialAction\":[{\"@type\":\"ReadAction\",\"target\":[\"https:\/\/hairgonomy.com\/courses\/hairgonomy-fundamentals\/\"]}]},{\"@type\":\"BreadcrumbList\",\"@id\":\"https:\/\/hairgonomy.com\/courses\/hairgonomy-fundamentals\/#breadcrumb\",\"itemListElement\":[{\"@type\":\"ListItem\",\"position\":1,\"name\":\"Home\",\"item\":\"https:\/\/hairgonomy.com\/ro\/\"},{\"@type\":\"ListItem\",\"position\":2,\"name\":\"Cursuri\",\"item\":\"https:\/\/hairgonomy.com\/courses\/\"},{\"@type\":\"ListItem\",\"position\":3,\"name\":\"HAIRGONOMY FUNDAMENTALS\"}]},{\"@type\":\"WebSite\",\"@id\":\"https:\/\/hairgonomy.com\/#website\",\"url\":\"https:\/\/hairgonomy.com\/\",\"name\":\"Hairgonomy\",\"description\":\"\",\"potentialAction\":[{\"@type\":\"SearchAction\",\"target\":{\"@type\":\"EntryPoint\",\"urlTemplate\":\"https:\/\/hairgonomy.com\/?s={search_term_string}\"},\"query-input\":{\"@type\":\"PropertyValueSpecification\",\"valueRequired\":true,\"valueName\":\"search_term_string\"}}],\"inLanguage\":\"ro-RO\"}]}<\/script>\n<!-- \/ Yoast SEO plugin. -->","yoast_head_json":{"title":"HAIRGONOMY FUNDAMENTALS - Hairgonomy","robots":{"index":"index","follow":"follow","max-snippet":"max-snippet:-1","max-image-preview":"max-image-preview:large","max-video-preview":"max-video-preview:-1"},"canonical":"https:\/\/hairgonomy.com\/courses\/hairgonomy-fundamentals\/","og_locale":"ro_RO","og_type":"article","og_title":"HAIRGONOMY FUNDAMENTALS - Hairgonomy","og_description":"[vc_row][vc_column reveal_effect=&#8221;fadeIn&#8221; reveal_duration=&#8221;0.7&#8243;][lab_heading title=&#8221;HAIRGONOMY FUNDAMENTALS&#8221;]Aceasta este clasa ta de baz\u0103. Cu baza Hairgonomy v\u0103 vom oferi tot ce trebuie s\u0103 \u0219ti\u021bi despre cele nou\u0103 tehnici de tuns C\u00e2nd, cum \u0219i de ce s\u0103 le folosi\u021bi, \u00een timp ce v\u0103 \u00eenv\u0103\u021ba\u021bi cum s\u0103 controla\u021bi dinamica corpului, \u00een\u021belegerea adecv\u0103rii \u0219i a esteticii designului p\u0103rului. Cursul complet este&hellip;","og_url":"https:\/\/hairgonomy.com\/courses\/hairgonomy-fundamentals\/","og_site_name":"Hairgonomy","article_modified_time":"2024-05-15T15:09:38+00:00","twitter_card":"summary_large_image","twitter_misc":{"Timp estimat pentru citire":"1 minut"},"schema":{"@context":"https:\/\/schema.org","@graph":[{"@type":"WebPage","@id":"https:\/\/hairgonomy.com\/courses\/hairgonomy-fundamentals\/","url":"https:\/\/hairgonomy.com\/courses\/hairgonomy-fundamentals\/","name":"HAIRGONOMY FUNDAMENTALS - Hairgonomy","isPartOf":{"@id":"https:\/\/hairgonomy.com\/#website"},"datePublished":"2024-04-04T13:09:40+00:00","dateModified":"2024-05-15T15:09:38+00:00","breadcrumb":{"@id":"https:\/\/hairgonomy.com\/courses\/hairgonomy-fundamentals\/#breadcrumb"},"inLanguage":"ro-RO","potentialAction":[{"@type":"ReadAction","target":["https:\/\/hairgonomy.com\/courses\/hairgonomy-fundamentals\/"]}]},{"@type":"BreadcrumbList","@id":"https:\/\/hairgonomy.com\/courses\/hairgonomy-fundamentals\/#breadcrumb","itemListElement":[{"@type":"ListItem","position":1,"name":"Home","item":"https:\/\/hairgonomy.com\/ro\/"},{"@type":"ListItem","position":2,"name":"Cursuri","item":"https:\/\/hairgonomy.com\/courses\/"},{"@type":"ListItem","position":3,"name":"HAIRGONOMY FUNDAMENTALS"}]},{"@type":"WebSite","@id":"https:\/\/hairgonomy.com\/#website","url":"https:\/\/hairgonomy.com\/","name":"Hairgonomy","description":"","potentialAction":[{"@type":"SearchAction","target":{"@type":"EntryPoint","urlTemplate":"https:\/\/hairgonomy.com\/?s={search_term_string}"},"query-input":{"@type":"PropertyValueSpecification","valueRequired":true,"valueName":"search_term_string"}}],"inLanguage":"ro-RO"}]}},"_links":{"self":[{"href":"https:\/\/hairgonomy.com\/ro\/wp-json\/wp\/v2\/pages\/4054","targetHints":{"allow":["GET"]}}],"collection":[{"href":"https:\/\/hairgonomy.com\/ro\/wp-json\/wp\/v2\/pages"}],"about":[{"href":"https:\/\/hairgonomy.com\/ro\/wp-json\/wp\/v2\/types\/page"}],"author":[{"embeddable":true,"href":"https:\/\/hairgonomy.com\/ro\/wp-json\/wp\/v2\/users\/1"}],"replies":[{"embeddable":true,"href":"https:\/\/hairgonomy.com\/ro\/wp-json\/wp\/v2\/comments?post=4054"}],"version-history":[{"count":4,"href":"https:\/\/hairgonomy.com\/ro\/wp-json\/wp\/v2\/pages\/4054\/revisions"}],"predecessor-version":[{"id":4058,"href":"https:\/\/hairgonomy.com\/ro\/wp-json\/wp\/v2\/pages\/4054\/revisions\/4058"}],"up":[{"embeddable":true,"href":"https:\/\/hairgonomy.com\/ro\/wp-json\/wp\/v2\/pages\/4046"}],"wp:attachment":[{"href":"https:\/\/hairgonomy.com\/ro\/wp-json\/wp\/v2\/media?parent=4054"}],"curies":[{"name":"wp","href":"https:\/\/api.w.org\/{rel}","templated":true}]}}