{"id":4046,"date":"2024-04-04T13:44:13","date_gmt":"2024-04-04T12:44:13","guid":{"rendered":"https:\/\/hairgonomy.com\/cursuri\/"},"modified":"2024-05-15T17:03:42","modified_gmt":"2024-05-15T16:03:42","slug":"cursuri","status":"publish","type":"page","link":"https:\/\/hairgonomy.com\/ro\/cursuri\/","title":{"rendered":"Cursuri"},"content":{"rendered":"<div class=\"wpb-content-wrapper\"><p>[vc_row][vc_column reveal_effect=&#8221;fadeIn&#8221; reveal_duration=&#8221;0.7&#8243;][lab_heading title=&#8221;DESPRE CURSURILE HAIRGONOMY&#8221;]Toate cursurile \u0219i sistemul nostru de educa\u021bie se bazeaz\u0103 pe ateliere, ceea ce \u00eenseamn\u0103 c\u0103 \u00ee\u021bi vei petrece cea mai mare parte a timpului t\u0103ind p\u0103rul cu noi sau prin alte modalitati de a fi pus in valoare.<\/p>\n<p>Cursurile noastre stabilite sunt \u00eemp\u0103r\u021bite \u00een 2 sau 3 zile, aceast\u0103 structur\u0103 poate fi personalizat\u0103 la cerere.[\/lab_heading][vc_column_text css=&#8221;&#8221;]<strong>NUMAR PARTICIPAN\u021aI:<\/strong><br \/>\n<strong>MIN. 6<\/strong><br \/>\n<strong>MAX. 12<\/strong>[\/vc_column_text][\/vc_column][\/vc_row][vc_row css=&#8221;.vc_custom_1426246378123{margin-bottom: 0px !important;}&#8221;][vc_column width=&#8221;1\/2&#8243; reveal_effect=&#8221;fadeIn&#8221; reveal_duration=&#8221;1&#8243; css=&#8221;.vc_custom_1504614928532{margin-right: 0px !important;padding-right: 0px !important;}&#8221; el_class=&#8221;no-margin-desktop&#8221;][vc_single_image image=&#8221;3767&#8243; img_size=&#8221;full&#8221; css=&#8221;.vc_custom_1712236729850{margin-bottom: 0px !important;}&#8221;][\/vc_column][vc_column width=&#8221;1\/2&#8243; reveal_effect=&#8221;fadeIn&#8221; reveal_duration=&#8221;1&#8243;][lab_service_box css=&#8221;.vc_custom_1427234469550{padding-top: 45px !important;padding-right: 45px !important;padding-bottom: 45px !important;padding-left: 45px !important;}&#8221;][vc_icon icon_linea=&#8221;icon-basic-star&#8221; size=&#8221;lg&#8221;][lab_service_box_content title=&#8221;HAIRGONOMY FUNDAMENTALS&#8221; description=&#8221;Clasa de baz\u0103&#8221; link=&#8221;url:https%3A%2F%2Fhairgonomy.com%2Fro%2Fcursuri%2Fhairgonomy-fundamentals%2F|title:HAIRGONOMY%20FUNDAMENTALS&#8221;][\/lab_service_box][\/vc_column][\/vc_row][vc_row css=&#8221;.vc_custom_1426246383421{margin-bottom: 0px !important;}&#8221;][vc_column width=&#8221;1\/2&#8243; reveal_effect=&#8221;fadeIn&#8221; reveal_duration=&#8221;1&#8243;][lab_service_box css=&#8221;.vc_custom_1427234476895{padding-top: 45px !important;padding-right: 45px !important;padding-bottom: 45px !important;padding-left: 45px !important;}&#8221;][vc_icon icon_linea=&#8221;icon-basic-star&#8221; size=&#8221;lg&#8221; link=&#8221;url:https%3A%2F%2Fhairgonomy.com%2Ffundamentals-salon-hairgonomy%2F|title:FUNDAMENTALS%20SALON%20HAIRGONOMY|&#8221;][lab_service_box_content title=&#8221;FUNDAMENTALS SALON HAIRGONOMY&#8221; description=&#8221;Salonul fundamental bazat pe rela\u021bia de consultan\u021b\u0103 \u0219i nevoi&#8221; link=&#8221;url:https%3A%2F%2Fhairgonomy.com%2Fro%2Fcursuri%2Ffundamentals-salon-hairgonomy%2F|title:FUNDAMENTALS%20SALON%20HAIRGONOMY&#8221;][\/lab_service_box][\/vc_column][vc_column width=&#8221;1\/2&#8243; reveal_effect=&#8221;fadeIn&#8221; css=&#8221;.vc_custom_1504614932143{padding-right: 0px !important;padding-left: 0px !important;}&#8221; reveal_duration=&#8221;1&#8243; el_class=&#8221;no-margin-desktop&#8221;][vc_single_image image=&#8221;3767&#8243; img_size=&#8221;full&#8221; css=&#8221;.vc_custom_1712236781816{margin-bottom: 0px !important;}&#8221;][\/vc_column][\/vc_row][vc_row css=&#8221;.vc_custom_1426246390316{margin-bottom: 0px !important;}&#8221;][vc_column width=&#8221;1\/2&#8243; reveal_effect=&#8221;fadeIn&#8221; reveal_duration=&#8221;1&#8243; css=&#8221;.vc_custom_1504614935641{margin-right: 0px !important;padding-right: 0px !important;}&#8221; el_class=&#8221;no-margin-desktop&#8221;][vc_single_image image=&#8221;3767&#8243; img_size=&#8221;full&#8221;][\/vc_column][vc_column width=&#8221;1\/2&#8243; reveal_effect=&#8221;fadeIn&#8221; reveal_duration=&#8221;1&#8243;][lab_service_box css=&#8221;.vc_custom_1427234491823{padding-top: 45px !important;padding-right: 45px !important;padding-bottom: 45px !important;padding-left: 45px !important;}&#8221;][vc_icon icon_linea=&#8221;icon-basic-star&#8221; size=&#8221;lg&#8221;][lab_service_box_content title=&#8221;HAIRGONOMIX MODERN SALON&#8221; description=&#8221;Salonul modern Hargonomy este totul despre combina\u021bii.&#8221; link=&#8221;url:https%3A%2F%2Fhairgonomy.com%2Fro%2Fcursuri%2Fhairgonomix-modern-salon%2F|title:HAIRGONOMIX%20MODERN%20SALON&#8221;][\/lab_service_box][\/vc_column][\/vc_row][vc_row css=&#8221;.vc_custom_1426246383421{margin-bottom: 0px !important;}&#8221;][vc_column width=&#8221;1\/2&#8243; reveal_effect=&#8221;fadeIn&#8221; reveal_duration=&#8221;1&#8243;][lab_service_box css=&#8221;.vc_custom_1427234476895{padding-top: 45px !important;padding-right: 45px !important;padding-bottom: 45px !important;padding-left: 45px !important;}&#8221;][vc_icon icon_linea=&#8221;icon-basic-star&#8221; size=&#8221;lg&#8221; link=&#8221;url:https%3A%2F%2Fhairgonomy.com%2Fcreative-hairgonomy%2F|title:CREATIVE%20HAIRGONOMY|&#8221;][lab_service_box_content title=&#8221;CREATIVE HAIRGONOMY&#8221; description=&#8221;Clasa noastr\u0103 de crea\u021bie se refer\u0103 la experimentarea, explorarea \u0219i extinderea ideilor.&#8221; link=&#8221;url:https%3A%2F%2Fhairgonomy.com%2Fro%2Fcursuri%2Fcreative-hairgonomy%2F|title:CREATIVE%20HAIRGONOMY&#8221;][\/lab_service_box][\/vc_column][vc_column width=&#8221;1\/2&#8243; reveal_effect=&#8221;fadeIn&#8221; css=&#8221;.vc_custom_1504614932143{padding-right: 0px !important;padding-left: 0px !important;}&#8221; reveal_duration=&#8221;1&#8243; el_class=&#8221;no-margin-desktop&#8221;][vc_single_image image=&#8221;3767&#8243; img_size=&#8221;full&#8221; css=&#8221;.vc_custom_1712237778307{margin-bottom: 0px !important;}&#8221;][\/vc_column][\/vc_row][vc_row css=&#8221;.vc_custom_1426246390316{margin-bottom: 0px !important;}&#8221;][vc_column width=&#8221;1\/2&#8243; reveal_effect=&#8221;fadeIn&#8221; reveal_duration=&#8221;1&#8243; css=&#8221;.vc_custom_1504614935641{margin-right: 0px !important;padding-right: 0px !important;}&#8221; el_class=&#8221;no-margin-desktop&#8221;][vc_single_image image=&#8221;3767&#8243; img_size=&#8221;full&#8221;][\/vc_column][vc_column width=&#8221;1\/2&#8243; reveal_effect=&#8221;fadeIn&#8221; reveal_duration=&#8221;1&#8243;][lab_service_box css=&#8221;.vc_custom_1427234491823{padding-top: 45px !important;padding-right: 45px !important;padding-bottom: 45px !important;padding-left: 45px !important;}&#8221;][vc_icon icon_linea=&#8221;icon-basic-star&#8221; size=&#8221;lg&#8221; link=&#8221;url:https%3A%2F%2Fhairgonomy.com%2Fhairgonomy-mens%2F|title:HAIRGONOMY%20MEN%E2%80%99S|&#8221;][lab_service_box_content title=&#8221;HAIRGONOMY MEN\u2019S&#8221; description=&#8221;Educa\u021bie tehnic\u0103 de tuns pentru b\u0103rba\u021bi.&#8221; link=&#8221;url:https%3A%2F%2Fhairgonomy.com%2Fro%2Fcursuri%2Fhairgonomy-mens%2F|title:HAIRGONOMY%20MEN%E2%80%99S&#8221;][\/lab_service_box][\/vc_column][\/vc_row][vc_row css=&#8221;.vc_custom_1426246383421{margin-bottom: 0px !important;}&#8221;][vc_column width=&#8221;1\/2&#8243; reveal_effect=&#8221;fadeIn&#8221; reveal_duration=&#8221;1&#8243;][lab_service_box css=&#8221;.vc_custom_1427234476895{padding-top: 45px !important;padding-right: 45px !important;padding-bottom: 45px !important;padding-left: 45px !important;}&#8221;][vc_icon icon_linea=&#8221;icon-basic-star&#8221; size=&#8221;lg&#8221; link=&#8221;url:https%3A%2F%2Fhairgonomy.com%2F11-2%2F|title:1%3A1|&#8221;][lab_service_box_content title=&#8221;1:1&#8243; description=&#8221;Experien\u021b\u0103 unic\u0103 de \u00eenv\u0103\u021bare.&#8221; link=&#8221;url:https%3A%2F%2Fhairgonomy.com%2Fro%2Fcursuri%2F11-2%2F|title:1%3A1&#8243;][\/lab_service_box][\/vc_column][vc_column width=&#8221;1\/2&#8243; reveal_effect=&#8221;fadeIn&#8221; css=&#8221;.vc_custom_1504614932143{padding-right: 0px !important;padding-left: 0px !important;}&#8221; reveal_duration=&#8221;1&#8243; el_class=&#8221;no-margin-desktop&#8221;][vc_single_image image=&#8221;3767&#8243; img_size=&#8221;full&#8221; css=&#8221;.vc_custom_1712237800539{margin-bottom: 0px !important;}&#8221;][\/vc_column][\/vc_row]<\/p>\n<\/div>","protected":false},"excerpt":{"rendered":"<p>[vc_row][vc_column reveal_effect=&#8221;fadeIn&#8221; reveal_duration=&#8221;0.7&#8243;][lab_heading title=&#8221;DESPRE CURSURILE HAIRGONOMY&#8221;]Toate cursurile \u0219i sistemul nostru de educa\u021bie se bazeaz\u0103 pe ateliere, ceea ce \u00eenseamn\u0103 c\u0103 \u00ee\u021bi vei petrece cea mai mare parte a timpului t\u0103ind p\u0103rul cu noi sau prin alte modalitati de a fi pus in valoare. Cursurile noastre stabilite sunt \u00eemp\u0103r\u021bite \u00een 2 sau 3 zile, aceast\u0103 structur\u0103&hellip;<\/p>\n","protected":false},"author":1,"featured_media":0,"parent":0,"menu_order":0,"comment_status":"closed","ping_status":"closed","template":"","meta":{"_acf_changed":false,"footnotes":""},"class_list":["post-4046","page","type-page","status-publish","hentry"],"acf":[],"yoast_head":"<!-- This site is optimized with the Yoast SEO plugin v24.2 - https:\/\/yoast.com\/wordpress\/plugins\/seo\/ -->\n<title>Cursuri - Hairgonomy<\/title>\n<meta name=\"robots\" content=\"index, follow, max-snippet:-1, max-image-preview:large, max-video-preview:-1\" \/>\n<link rel=\"canonical\" href=\"https:\/\/hairgonomy.com\/courses\/\" \/>\n<meta property=\"og:locale\" content=\"ro_RO\" \/>\n<meta property=\"og:type\" content=\"article\" \/>\n<meta property=\"og:title\" content=\"Cursuri - Hairgonomy\" \/>\n<meta property=\"og:description\" content=\"[vc_row][vc_column reveal_effect=&#8221;fadeIn&#8221; reveal_duration=&#8221;0.7&#8243;][lab_heading title=&#8221;DESPRE CURSURILE HAIRGONOMY&#8221;]Toate cursurile \u0219i sistemul nostru de educa\u021bie se bazeaz\u0103 pe ateliere, ceea ce \u00eenseamn\u0103 c\u0103 \u00ee\u021bi vei petrece cea mai mare parte a timpului t\u0103ind p\u0103rul cu noi sau prin alte modalitati de a fi pus in valoare. Cursurile noastre stabilite sunt \u00eemp\u0103r\u021bite \u00een 2 sau 3 zile, aceast\u0103 structur\u0103&hellip;\" \/>\n<meta property=\"og:url\" content=\"https:\/\/hairgonomy.com\/courses\/\" \/>\n<meta property=\"og:site_name\" content=\"Hairgonomy\" \/>\n<meta property=\"article:modified_time\" content=\"2024-05-15T16:03:42+00:00\" \/>\n<meta name=\"twitter:card\" content=\"summary_large_image\" \/>\n<meta name=\"twitter:label1\" content=\"Timp estimat pentru citire\" \/>\n\t<meta name=\"twitter:data1\" content=\"4 minute\" \/>\n<script type=\"application\/ld+json\" class=\"yoast-schema-graph\">{\"@context\":\"https:\/\/schema.org\",\"@graph\":[{\"@type\":\"WebPage\",\"@id\":\"https:\/\/hairgonomy.com\/courses\/\",\"url\":\"https:\/\/hairgonomy.com\/courses\/\",\"name\":\"Cursuri - Hairgonomy\",\"isPartOf\":{\"@id\":\"https:\/\/hairgonomy.com\/#website\"},\"datePublished\":\"2024-04-04T12:44:13+00:00\",\"dateModified\":\"2024-05-15T16:03:42+00:00\",\"breadcrumb\":{\"@id\":\"https:\/\/hairgonomy.com\/courses\/#breadcrumb\"},\"inLanguage\":\"ro-RO\",\"potentialAction\":[{\"@type\":\"ReadAction\",\"target\":[\"https:\/\/hairgonomy.com\/courses\/\"]}]},{\"@type\":\"BreadcrumbList\",\"@id\":\"https:\/\/hairgonomy.com\/courses\/#breadcrumb\",\"itemListElement\":[{\"@type\":\"ListItem\",\"position\":1,\"name\":\"Home\",\"item\":\"https:\/\/hairgonomy.com\/ro\/\"},{\"@type\":\"ListItem\",\"position\":2,\"name\":\"Cursuri\"}]},{\"@type\":\"WebSite\",\"@id\":\"https:\/\/hairgonomy.com\/#website\",\"url\":\"https:\/\/hairgonomy.com\/\",\"name\":\"Hairgonomy\",\"description\":\"\",\"potentialAction\":[{\"@type\":\"SearchAction\",\"target\":{\"@type\":\"EntryPoint\",\"urlTemplate\":\"https:\/\/hairgonomy.com\/?s={search_term_string}\"},\"query-input\":{\"@type\":\"PropertyValueSpecification\",\"valueRequired\":true,\"valueName\":\"search_term_string\"}}],\"inLanguage\":\"ro-RO\"}]}<\/script>\n<!-- \/ Yoast SEO plugin. -->","yoast_head_json":{"title":"Cursuri - Hairgonomy","robots":{"index":"index","follow":"follow","max-snippet":"max-snippet:-1","max-image-preview":"max-image-preview:large","max-video-preview":"max-video-preview:-1"},"canonical":"https:\/\/hairgonomy.com\/courses\/","og_locale":"ro_RO","og_type":"article","og_title":"Cursuri - Hairgonomy","og_description":"[vc_row][vc_column reveal_effect=&#8221;fadeIn&#8221; reveal_duration=&#8221;0.7&#8243;][lab_heading title=&#8221;DESPRE CURSURILE HAIRGONOMY&#8221;]Toate cursurile \u0219i sistemul nostru de educa\u021bie se bazeaz\u0103 pe ateliere, ceea ce \u00eenseamn\u0103 c\u0103 \u00ee\u021bi vei petrece cea mai mare parte a timpului t\u0103ind p\u0103rul cu noi sau prin alte modalitati de a fi pus in valoare. Cursurile noastre stabilite sunt \u00eemp\u0103r\u021bite \u00een 2 sau 3 zile, aceast\u0103 structur\u0103&hellip;","og_url":"https:\/\/hairgonomy.com\/courses\/","og_site_name":"Hairgonomy","article_modified_time":"2024-05-15T16:03:42+00:00","twitter_card":"summary_large_image","twitter_misc":{"Timp estimat pentru citire":"4 minute"},"schema":{"@context":"https:\/\/schema.org","@graph":[{"@type":"WebPage","@id":"https:\/\/hairgonomy.com\/courses\/","url":"https:\/\/hairgonomy.com\/courses\/","name":"Cursuri - Hairgonomy","isPartOf":{"@id":"https:\/\/hairgonomy.com\/#website"},"datePublished":"2024-04-04T12:44:13+00:00","dateModified":"2024-05-15T16:03:42+00:00","breadcrumb":{"@id":"https:\/\/hairgonomy.com\/courses\/#breadcrumb"},"inLanguage":"ro-RO","potentialAction":[{"@type":"ReadAction","target":["https:\/\/hairgonomy.com\/courses\/"]}]},{"@type":"BreadcrumbList","@id":"https:\/\/hairgonomy.com\/courses\/#breadcrumb","itemListElement":[{"@type":"ListItem","position":1,"name":"Home","item":"https:\/\/hairgonomy.com\/ro\/"},{"@type":"ListItem","position":2,"name":"Cursuri"}]},{"@type":"WebSite","@id":"https:\/\/hairgonomy.com\/#website","url":"https:\/\/hairgonomy.com\/","name":"Hairgonomy","description":"","potentialAction":[{"@type":"SearchAction","target":{"@type":"EntryPoint","urlTemplate":"https:\/\/hairgonomy.com\/?s={search_term_string}"},"query-input":{"@type":"PropertyValueSpecification","valueRequired":true,"valueName":"search_term_string"}}],"inLanguage":"ro-RO"}]}},"_links":{"self":[{"href":"https:\/\/hairgonomy.com\/ro\/wp-json\/wp\/v2\/pages\/4046","targetHints":{"allow":["GET"]}}],"collection":[{"href":"https:\/\/hairgonomy.com\/ro\/wp-json\/wp\/v2\/pages"}],"about":[{"href":"https:\/\/hairgonomy.com\/ro\/wp-json\/wp\/v2\/types\/page"}],"author":[{"embeddable":true,"href":"https:\/\/hairgonomy.com\/ro\/wp-json\/wp\/v2\/users\/1"}],"replies":[{"embeddable":true,"href":"https:\/\/hairgonomy.com\/ro\/wp-json\/wp\/v2\/comments?post=4046"}],"version-history":[{"count":7,"href":"https:\/\/hairgonomy.com\/ro\/wp-json\/wp\/v2\/pages\/4046\/revisions"}],"predecessor-version":[{"id":4095,"href":"https:\/\/hairgonomy.com\/ro\/wp-json\/wp\/v2\/pages\/4046\/revisions\/4095"}],"wp:attachment":[{"href":"https:\/\/hairgonomy.com\/ro\/wp-json\/wp\/v2\/media?parent=4046"}],"curies":[{"name":"wp","href":"https:\/\/api.w.org\/{rel}","templated":true}]}}