{"id":4039,"date":"2015-03-13T11:22:09","date_gmt":"2015-03-13T11:22:09","guid":{"rendered":"https:\/\/hairgonomy.com\/servicii\/"},"modified":"2025-01-11T13:12:13","modified_gmt":"2025-01-11T13:12:13","slug":"servicii","status":"publish","type":"page","link":"https:\/\/hairgonomy.com\/ro\/servicii\/","title":{"rendered":"Servicii"},"content":{"rendered":"<div class=\"wpb-content-wrapper\"><p>[vc_row][vc_column reveal_effect=&#8221;fadeIn&#8221; reveal_duration=&#8221;0.7&#8243;][lab_heading title=&#8221;Servicii.&#8221;]Serviciile noastre sunt concepute pentru a oferi o \u00eengrijire complet\u0103 \u0219i personalizat\u0103 a p\u0103rului, incluz\u00e2nd tunsori moderne, vopsiri profesionale, styling pentru orice ocazie \u0219i tratamente de \u00eengrijire intensive. Fiecare categorie \u2013 Tuns, Vopsit, Styling \u0219i \u00cengrijire \u2013 este destinat\u0103 s\u0103 r\u0103spund\u0103 nevoilor individuale ale clientului, cu solu\u021bii adaptate tipului de p\u0103r \u0219i preferin\u021belor acestuia. La Hairgonomy, punem accent pe excelen\u021b\u0103, creativitate \u0219i rezultate care reflect\u0103 un look s\u0103n\u0103tos, stilizat \u0219i plin de vitalitate.[\/lab_heading][vc_column_text css=&#8221;&#8221;]<\/p>\n<h3>SERVICIILE NOASTRE DE DESIGN P\u0102R<\/h3>\n<p>La Hairgonomy, am \u00eembr\u0103\u021bi\u0219at \u00eentotdeauna o perspectiv\u0103 proasp\u0103t\u0103 asupra experien\u021bei din salon, ghidat\u0103 de patru principii esen\u021biale: \u00eengrijire exclusiv\u0103, design inovativ al p\u0103rului, creativitate artistic\u0103 \u0219i ospitalitate des\u0103v\u00e2r\u0219it\u0103. Aceste valori sunt lumina c\u0103l\u0103uzitoare pentru fiecare ac\u021biune pe care o \u00eentreprindem, demonstr\u00e2nd angajamentul nostru neclintit fa\u021b\u0103 de excelen\u021b\u0103.<\/p>\n<p>Ne m\u00e2ndrim cu faptul c\u0103 oferim un serviciu excep\u021bional, care \u00eentruchipeaz\u0103 gra\u021bia mi\u0219c\u0103rii, arta emo\u021biei \u0219i elementul surprizei, aduc\u00e2nd un strop de magie fiec\u0103rei vizite. Cu o abordare \u201ehaute couture\u201d, Hairgonomistii no\u0219tri \u00ee\u0219i pun talentele \u0219i imagina\u021bia la lucru pentru a transforma fiecare vizit\u0103 \u00eentr-o experien\u021b\u0103 memorabil\u0103 \u0219i personalizat\u0103.<\/p>\n<p>\u00cencorporat\u0103 \u00een valorile fundamentale ale brandului nostru, aceast\u0103 filozofie emo\u021bional\u0103 insufl\u0103 spiritul fiec\u0103rui designer de p\u0103r din echipa noastr\u0103. Pe m\u0103sur\u0103 ce ne extindem prezen\u021ba \u00een inima Transilvaniei, suntem motiva\u021bi de ambi\u021bia de a deveni un centru urban al artei.[\/vc_column_text][\/vc_column][\/vc_row][vc_row][vc_column reveal_effect=&#8221;fadeIn&#8221; reveal_duration=&#8221;0.7&#8243;][vc_column_text css=&#8221;&#8221;]<\/p>\n<h3>Tuns<\/h3>\n<p>Serviciile din categoria &#8222;Tuns&#8221; sunt concepute pentru a oferi coafuri moderne \u0219i personalizate, potrivite oric\u0103rui tip de p\u0103r. De la tunsori pentru femei \u0219i b\u0103rba\u021bi, la \u00eengrijirea bretonului sau ajustarea v\u00e2rfurilor, fiecare detaliu este realizat cu precizie. Fie c\u0103 este vorba despre o tunsoare de zi cu zi sau o schimbare de look complet\u0103, speciali\u0219tii no\u0219tri vor asigura un rezultat impecabil. De asemenea, serviciile includ \u0219i aranjarea b\u0103rbii pentru un look complet \u0219i armonios.<\/p>\n<p>&nbsp;<\/p>\n<p><strong>Servicii incluse:<\/strong><\/p>\n<ol>\n<li><strong>Tuns femei<\/strong> \u2013 Tunsori moderne \u0219i personalizate pentru femei, adaptate tipului de p\u0103r \u0219i stilului dorit.<\/li>\n<li><strong>Tuns b\u0103rba\u021bi<\/strong> \u2013 Tunsori de b\u0103rba\u021bi, de la stiluri clasice la cele mai moderne, realizate cu aten\u021bie pentru a se potrivi fizionomiei.<\/li>\n<li><strong>Tuns v\u00e2rfuri<\/strong> \u2013 \u00cendep\u0103rtarea v\u00e2rfurilor deteriorate pentru o coafur\u0103 mai s\u0103n\u0103toas\u0103 \u0219i mai u\u0219or de \u00eentre\u021binut.<\/li>\n<li><strong>Tuns bretonul<\/strong> \u2013 Tunsori specifice pentru breton, \u00een diferite lungimi \u0219i stiluri, pentru a eviden\u021bia tr\u0103s\u0103turile faciale.<\/li>\n<li><strong>Tuns bretonul + aranjat<\/strong> \u2013 Tuns \u0219i aranjat bretonul pentru un look impecabil, cu finisaje care completeaz\u0103 \u00eentreaga coafur\u0103.<\/li>\n<li><strong>Tuns b\u0103rba\u021bi + aranjat barb\u0103<\/strong> \u2013 Tunsul p\u0103rului \u0219i aranjarea b\u0103rbii, pentru un look complet, ordonat \u0219i stilizat.<\/li>\n<li><strong>Vopsit + tuns<\/strong> \u2013 Serviciu combinat care include at\u00e2t vopsirea p\u0103rului, c\u00e2t \u0219i o tunsoare nou\u0103, pentru un look proasp\u0103t \u0219i armonios.<\/li>\n<\/ol>\n<p>[\/vc_column_text][\/vc_column][\/vc_row][vc_row][vc_column reveal_effect=&#8221;fadeIn&#8221; reveal_duration=&#8221;0.7&#8243;][vc_column_text css=&#8221;&#8221;]<\/p>\n<h3>Vopsit<\/h3>\n<p>\u00cen categoria &#8222;Vopsit&#8221;, oferim o gam\u0103 variat\u0103 de servicii de colorare, de la vopsirea simpl\u0103 a p\u0103rului p\u00e2n\u0103 la tehnici avansate, precum balayage sau ombre. Procesul de decolorare \u0219i nuan\u021bare este realizat cu produse de calitate, pentru a ob\u021bine nuan\u021be durabile \u0219i str\u0103lucitoare. Combinate cu o tunsoare profesional\u0103, aceste servicii ofer\u0103 un look complet \u0219i personalizat. Fiecare client va beneficia de o solu\u021bie de colorare care se potrive\u0219te perfect stilului \u0219i nevoilor sale.<\/p>\n<p>&nbsp;<\/p>\n<p><strong>Servicii incluse:<\/strong><\/p>\n<ol>\n<li><strong>Vopsit<\/strong> \u2013 Aplicarea unei noi nuan\u021be de vopsea, pentru un p\u0103r colorat uniform, conform dorin\u021belor clientului.<\/li>\n<li><strong>Vopsit + nuan\u021bat<\/strong> \u2013 Vopsirea p\u0103rului, urmat\u0103 de un tratament de nuan\u021bare pentru a ob\u021bine un efect de culoare intens\u0103 \u0219i de lung\u0103 durat\u0103.<\/li>\n<li><strong>Decolorat + nuan\u021bat<\/strong> \u2013 Procesul de decolorare urmat de aplicarea unei nuan\u021be pentru un look cu mai mult\u0103 str\u0103lucire \u0219i transparen\u021b\u0103.<\/li>\n<li><strong>Tehnici speciale 1 \/ 2<\/strong> \u2013 Tehnici de vopsire avansate, precum balayage, ombre, sau alte tehnici de amestecare a culorilor, care necesit\u0103 o abordare personalizat\u0103.<\/li>\n<li><strong>Tehnici speciale 2 \/ 2<\/strong> \u2013 Alte tehnici avansate de colorare, incluz\u00e2nd efecte de luminozitate sau tonuri personalizate pentru a crea un look unic.<\/li>\n<li><strong>Vopsit + tuns<\/strong> \u2013 Serviciu combinat de vopsire \u0219i tunsoare, pentru a ob\u021bine un look complet \u0219i \u00eengrijit.<\/li>\n<li><strong>Vopsit + tuns v\u00e2rfuri<\/strong> \u2013 Vopsirea p\u0103rului, urmat\u0103 de t\u0103ierea v\u00e2rfurilor pentru a men\u021bine p\u0103rul s\u0103n\u0103tos \u0219i a ob\u021bine un rezultat uniform.<\/li>\n<\/ol>\n<p>[\/vc_column_text][\/vc_column][\/vc_row][vc_row][vc_column reveal_effect=&#8221;fadeIn&#8221; reveal_duration=&#8221;0.7&#8243;][vc_column_text css=&#8221;&#8221;]<\/p>\n<h3>Styling<\/h3>\n<p>Serviciile de styling sunt dedicate celor care doresc s\u0103 aib\u0103 un look elegant \u0219i bine definit pentru orice ocazie. De la coafuri de zi cu zi, la aranjamente speciale pentru evenimente importante, cum ar fi nun\u021bi sau petreceri, stilizarea p\u0103rului se face cu aten\u021bie la detalii. Cocurile \u0219i coafurile pentru mirese sunt realizate cu grij\u0103 pentru a crea o imagine perfect\u0103. Aranjarea b\u0103rbii \u0219i a p\u0103rului pentru b\u0103rba\u021bi completeaz\u0103 acest serviciu, oferind un look rafinat \u0219i complet.<\/p>\n<p>&nbsp;<\/p>\n<p><strong>Servicii incluse:<\/strong><\/p>\n<ol>\n<li><strong>Aranjat<\/strong> \u2013 Coafare de zi cu zi, adaptat\u0103 tipului de p\u0103r \u0219i dorin\u021bei clientului pentru un look final elegant \u0219i ordonat.<\/li>\n<li><strong>Aranjat special<\/strong> \u2013 Coafare pentru ocazii speciale, cu tehnici de styling avansate pentru un look deosebit.<\/li>\n<li><strong>Coc<\/strong> \u2013 Coafura coc, ideal\u0103 pentru evenimente elegante, cum ar fi nun\u021bi sau petreceri.<\/li>\n<li><strong>Coc mireas\u0103<\/strong> \u2013 Coafura coc de mireas\u0103, realizat\u0103 cu detalii personalizate pentru a se potrivi cu tema nun\u021bii \u0219i stilul dorit.<\/li>\n<li><strong>Tuns breton + aranjat<\/strong> \u2013 Tuns bretonul \u0219i aranjarea acestuia \u00eentr-un mod care s\u0103 se potriveasc\u0103 perfect cu stilul dorit.<\/li>\n<li><strong>Aranjat barb\u0103<\/strong> \u2013 Serviciu de aranjare \u0219i stilizare a b\u0103rbii pentru a ob\u021bine o imagine \u00eengrijit\u0103 \u0219i definirea tr\u0103s\u0103turilor faciale.<\/li>\n<li><strong>Tuns b\u0103rba\u021bi + aranjat barb\u0103<\/strong> \u2013 Tunsul p\u0103rului \u0219i aranjarea b\u0103rbii, pentru un look complet \u0219i bine definit.<\/li>\n<\/ol>\n<p>[\/vc_column_text][\/vc_column][\/vc_row][vc_row][vc_column reveal_effect=&#8221;fadeIn&#8221; reveal_duration=&#8221;0.7&#8243;][vc_column_text css=&#8221;&#8221;]<\/p>\n<h3>\u00cengrijire<\/h3>\n<p>Categoria &#8222;\u00cengrijire&#8221; include o gam\u0103 de tratamente profesionale destinate s\u0103 r\u0103sfe\u021be \u0219i s\u0103 revitalizareze p\u0103rul. Tratamentele de hidratare, at\u00e2t pentru p\u0103rul uscat, c\u00e2t \u0219i pentru p\u0103rul deteriorat, sunt realizate cu produse intensive, care redau str\u0103lucirea \u0219i s\u0103n\u0103tatea p\u0103rului. Serviciile anti-c\u0103derea p\u0103rului sunt special concepute pentru a stimula cre\u0219terea acestuia \u0219i a preveni deteriorarea. Combin\u00e2nd aceste tratamente cu o tunsoare, p\u0103rul va ar\u0103ta impecabil \u0219i va beneficia de un regim de \u00eengrijire complet.<\/p>\n<p>&nbsp;<\/p>\n<p><strong>Servicii incluse:<\/strong><\/p>\n<ol>\n<li><strong>Tratament hidratare<\/strong> \u2013 Tratament pentru hidratarea p\u0103rului uscat sau deteriorat, restabilind echilibrul de umiditate al acestuia.<\/li>\n<li><strong>Tratament intens hidratare<\/strong> \u2013 Tratament de hidratare profund\u0103, destinat p\u0103rului extrem de uscat sau deshidratat, pentru a restabili str\u0103lucirea \u0219i s\u0103n\u0103tatea acestuia.<\/li>\n<li><strong>Tratament anti-c\u0103derea p\u0103rului<\/strong> \u2013 Tratament special conceput pentru a stimula cre\u0219terea p\u0103rului \u0219i a preveni c\u0103derea acestuia, prin utilizarea unor produse profesionale.<\/li>\n<li><strong>Tratament intens hidratare + tuns<\/strong> \u2013 Tratament de hidratare intens\u0103 combinat cu o tunsoare pentru a revitaliza \u0219i \u00eengriji p\u0103rul deteriorat.<\/li>\n<li><strong>Tratament intens hidratare + tuns v\u00e2rfuri<\/strong> \u2013 Aplicarea unui tratament de hidratare intens\u0103 \u0219i t\u0103ierea v\u00e2rfurilor pentru un p\u0103r mai s\u0103n\u0103tos \u0219i u\u0219or de \u00eentre\u021binut.<\/li>\n<\/ol>\n<p>[\/vc_column_text][\/vc_column][\/vc_row][vc_row css=&#8221;.vc_custom_1426246378123{margin-bottom: 0px !important;}&#8221;][vc_column width=&#8221;1\/2&#8243; reveal_effect=&#8221;fadeIn&#8221; reveal_duration=&#8221;1&#8243; css=&#8221;.vc_custom_1504614928532{margin-right: 0px !important;padding-right: 0px !important;}&#8221; el_class=&#8221;no-margin-desktop&#8221;][vc_single_image image=&#8221;3792&#8243; img_size=&#8221;full&#8221; css=&#8221;.vc_custom_1699632161064{margin-bottom: 0px !important;}&#8221;][\/vc_column][vc_column width=&#8221;1\/2&#8243; reveal_effect=&#8221;fadeIn&#8221; reveal_duration=&#8221;1&#8243;][lab_service_box css=&#8221;.vc_custom_1427234469550{padding-top: 45px !important;padding-right: 45px !important;padding-bottom: 45px !important;padding-left: 45px !important;}&#8221;][vc_icon icon_linea=&#8221;icon-basic-star&#8221; size=&#8221;lg&#8221;][lab_service_box_content title=&#8221;Tunderea \u0219i designul p\u0103rului&#8221; description=&#8221;Fiecare vizit\u0103 la Hairgonomy este o invita\u021bie de a porni \u00eentr-o c\u0103l\u0103torie de transformare. Stili\u0219tii no\u0219tri pricepu\u021bi dedic\u0103 timp pentru a proiecta meticulos un nou look, o tunsoare la un moment dat, rezult\u00e2nd coafuri proaspete, naturale \u0219i voluminoase. Pe parcursul vizitei dumneavoastr\u0103 \u00een paradisul nostru de frumuse\u021be, v\u0103 servim ca consilieri de \u00eencredere.&#8221;][\/lab_service_box][\/vc_column][\/vc_row][vc_row css=&#8221;.vc_custom_1426246383421{margin-bottom: 0px !important;}&#8221;][vc_column width=&#8221;1\/2&#8243; reveal_effect=&#8221;fadeIn&#8221; reveal_duration=&#8221;1&#8243;][lab_service_box css=&#8221;.vc_custom_1427234476895{padding-top: 45px !important;padding-right: 45px !important;padding-bottom: 45px !important;padding-left: 45px !important;}&#8221;][vc_icon icon_linea=&#8221;icon-basic-star&#8221; size=&#8221;lg&#8221;][lab_service_box_content title=&#8221;Colorarea P\u0103rului&#8221; description=&#8221;Explora\u021bi o lume a culorilor la Hairgonomy. Gama noastr\u0103 cuprinz\u0103toare de servicii de vopsire a p\u0103rului combin\u0103 tehnicile clasice \u0219i contemporane cu produse premium, asigur\u00e2nd c\u0103 clien\u021bii no\u0219tri experimenteaz\u0103 o calitate de top. Indiferent dac\u0103 dori\u021bi o corec\u021bie de culoare, eviden\u021bieri, Balayage sau orice alt stil, exper\u021bii no\u0219tri sunt aici pentru a v\u0103 aduce viziunea la via\u021b\u0103.&#8221;][\/lab_service_box][\/vc_column][vc_column width=&#8221;1\/2&#8243; reveal_effect=&#8221;fadeIn&#8221; css=&#8221;.vc_custom_1504614932143{padding-right: 0px !important;padding-left: 0px !important;}&#8221; reveal_duration=&#8221;1&#8243; el_class=&#8221;no-margin-desktop&#8221;][vc_single_image image=&#8221;3837&#8243; img_size=&#8221;full&#8221; css=&#8221;.vc_custom_1699632179860{margin-bottom: 0px !important;}&#8221;][\/vc_column][\/vc_row][vc_row css=&#8221;.vc_custom_1426246390316{margin-bottom: 0px !important;}&#8221;][vc_column width=&#8221;1\/2&#8243; reveal_effect=&#8221;fadeIn&#8221; reveal_duration=&#8221;1&#8243; css=&#8221;.vc_custom_1504614935641{margin-right: 0px !important;padding-right: 0px !important;}&#8221; el_class=&#8221;no-margin-desktop&#8221;][vc_single_image image=&#8221;3839&#8243; img_size=&#8221;full&#8221;][\/vc_column][vc_column width=&#8221;1\/2&#8243; reveal_effect=&#8221;fadeIn&#8221; reveal_duration=&#8221;1&#8243;][lab_service_box css=&#8221;.vc_custom_1427234491823{padding-top: 45px !important;padding-right: 45px !important;padding-bottom: 45px !important;padding-left: 45px !important;}&#8221;][vc_icon icon_linea=&#8221;icon-basic-star&#8221; size=&#8221;lg&#8221;][lab_service_box_content title=&#8221;\u00cengrijirea P\u0103rului&#8221; description=&#8221;P\u0103rul frumos \u00eencepe cu o \u00eengrijire excep\u021bional\u0103. Fie c\u0103 \u00ee\u021bi dore\u0219ti s\u0103 domole\u0219ti efectul de friz, s\u0103 restabile\u0219ti volumul \u0219i str\u0103lucirea sau s\u0103 \u00eembun\u0103t\u0103\u021be\u0219ti s\u0103n\u0103tatea general\u0103 a p\u0103rului t\u0103u, \u00een\u021belegem c\u0103 drumul spre p\u0103rul perfect este unul continuu. La Hairgonomy, suntem dedica\u021bi s\u0103 ne asigur\u0103m c\u0103 iube\u0219ti p\u0103rul t\u0103u de la r\u0103d\u0103cin\u0103 p\u00e2n\u0103 la v\u00e2rfuri.&#8221;][\/lab_service_box][\/vc_column][\/vc_row]<\/p>\n<\/div>","protected":false},"excerpt":{"rendered":"<p>[vc_row][vc_column reveal_effect=&#8221;fadeIn&#8221; reveal_duration=&#8221;0.7&#8243;][lab_heading title=&#8221;Servicii.&#8221;]Serviciile noastre sunt concepute pentru a oferi o \u00eengrijire complet\u0103 \u0219i personalizat\u0103 a p\u0103rului, incluz\u00e2nd tunsori moderne, vopsiri profesionale, styling pentru orice ocazie \u0219i tratamente de \u00eengrijire intensive. Fiecare categorie \u2013 Tuns, Vopsit, Styling \u0219i \u00cengrijire \u2013 este destinat\u0103 s\u0103 r\u0103spund\u0103 nevoilor individuale ale clientului, cu solu\u021bii adaptate tipului de p\u0103r \u0219i&hellip;<\/p>\n","protected":false},"author":1,"featured_media":0,"parent":0,"menu_order":0,"comment_status":"open","ping_status":"closed","template":"","meta":{"_acf_changed":false,"footnotes":""},"class_list":["post-4039","page","type-page","status-publish","hentry"],"acf":[],"yoast_head":"<!-- This site is optimized with the Yoast SEO plugin v24.2 - https:\/\/yoast.com\/wordpress\/plugins\/seo\/ -->\n<title>Servicii de Tuns, Vopsit, Styling \u0219i \u00cengrijire P\u0103r - Hairgonomy Cluj-Napoca<\/title>\n<meta name=\"description\" content=\"Descoper\u0103 servicii profesionale de tuns, vopsit, styling \u0219i \u00eengrijire p\u0103r la Hairgonomy, salonul din Cluj-Napoca dedicat frumuse\u021bii \u0219i s\u0103n\u0103t\u0103\u021bii p\u0103rului t\u0103u. Oferim solu\u021bii personalizate pentru fiecare tip de p\u0103r, cu rezultate excep\u021bionale \u0219i un look impecabil.\" \/>\n<meta name=\"robots\" content=\"index, follow, max-snippet:-1, max-image-preview:large, max-video-preview:-1\" \/>\n<link rel=\"canonical\" href=\"https:\/\/hairgonomy.com\/ro\/servicii\/\" \/>\n<meta property=\"og:locale\" content=\"ro_RO\" \/>\n<meta property=\"og:type\" content=\"article\" \/>\n<meta property=\"og:title\" content=\"Servicii de Tuns, Vopsit, Styling \u0219i \u00cengrijire P\u0103r - Hairgonomy Cluj-Napoca\" \/>\n<meta property=\"og:description\" content=\"Descoper\u0103 servicii profesionale de tuns, vopsit, styling \u0219i \u00eengrijire p\u0103r la Hairgonomy, salonul din Cluj-Napoca dedicat frumuse\u021bii \u0219i s\u0103n\u0103t\u0103\u021bii p\u0103rului t\u0103u. Oferim solu\u021bii personalizate pentru fiecare tip de p\u0103r, cu rezultate excep\u021bionale \u0219i un look impecabil.\" \/>\n<meta property=\"og:url\" content=\"https:\/\/hairgonomy.com\/ro\/servicii\/\" \/>\n<meta property=\"og:site_name\" content=\"Hairgonomy\" \/>\n<meta property=\"article:modified_time\" content=\"2025-01-11T13:12:13+00:00\" \/>\n<meta name=\"twitter:card\" content=\"summary_large_image\" \/>\n<meta name=\"twitter:label1\" content=\"Timp estimat pentru citire\" \/>\n\t<meta name=\"twitter:data1\" content=\"7 minute\" \/>\n<script type=\"application\/ld+json\" class=\"yoast-schema-graph\">{\"@context\":\"https:\/\/schema.org\",\"@graph\":[{\"@type\":\"WebPage\",\"@id\":\"https:\/\/hairgonomy.com\/ro\/servicii\/\",\"url\":\"https:\/\/hairgonomy.com\/ro\/servicii\/\",\"name\":\"Servicii de Tuns, Vopsit, Styling \u0219i \u00cengrijire P\u0103r - Hairgonomy Cluj-Napoca\",\"isPartOf\":{\"@id\":\"https:\/\/hairgonomy.com\/#website\"},\"datePublished\":\"2015-03-13T11:22:09+00:00\",\"dateModified\":\"2025-01-11T13:12:13+00:00\",\"description\":\"Descoper\u0103 servicii profesionale de tuns, vopsit, styling \u0219i \u00eengrijire p\u0103r la Hairgonomy, salonul din Cluj-Napoca dedicat frumuse\u021bii \u0219i s\u0103n\u0103t\u0103\u021bii p\u0103rului t\u0103u. Oferim solu\u021bii personalizate pentru fiecare tip de p\u0103r, cu rezultate excep\u021bionale \u0219i un look impecabil.\",\"breadcrumb\":{\"@id\":\"https:\/\/hairgonomy.com\/ro\/servicii\/#breadcrumb\"},\"inLanguage\":\"ro-RO\",\"potentialAction\":[{\"@type\":\"ReadAction\",\"target\":[\"https:\/\/hairgonomy.com\/ro\/servicii\/\"]}]},{\"@type\":\"BreadcrumbList\",\"@id\":\"https:\/\/hairgonomy.com\/ro\/servicii\/#breadcrumb\",\"itemListElement\":[{\"@type\":\"ListItem\",\"position\":1,\"name\":\"Home\",\"item\":\"https:\/\/hairgonomy.com\/ro\/\"},{\"@type\":\"ListItem\",\"position\":2,\"name\":\"Servicii\"}]},{\"@type\":\"WebSite\",\"@id\":\"https:\/\/hairgonomy.com\/#website\",\"url\":\"https:\/\/hairgonomy.com\/\",\"name\":\"Hairgonomy\",\"description\":\"\",\"potentialAction\":[{\"@type\":\"SearchAction\",\"target\":{\"@type\":\"EntryPoint\",\"urlTemplate\":\"https:\/\/hairgonomy.com\/?s={search_term_string}\"},\"query-input\":{\"@type\":\"PropertyValueSpecification\",\"valueRequired\":true,\"valueName\":\"search_term_string\"}}],\"inLanguage\":\"ro-RO\"}]}<\/script>\n<!-- \/ Yoast SEO plugin. -->","yoast_head_json":{"title":"Servicii de Tuns, Vopsit, Styling \u0219i \u00cengrijire P\u0103r - Hairgonomy Cluj-Napoca","description":"Descoper\u0103 servicii profesionale de tuns, vopsit, styling \u0219i \u00eengrijire p\u0103r la Hairgonomy, salonul din Cluj-Napoca dedicat frumuse\u021bii \u0219i s\u0103n\u0103t\u0103\u021bii p\u0103rului t\u0103u. Oferim solu\u021bii personalizate pentru fiecare tip de p\u0103r, cu rezultate excep\u021bionale \u0219i un look impecabil.","robots":{"index":"index","follow":"follow","max-snippet":"max-snippet:-1","max-image-preview":"max-image-preview:large","max-video-preview":"max-video-preview:-1"},"canonical":"https:\/\/hairgonomy.com\/ro\/servicii\/","og_locale":"ro_RO","og_type":"article","og_title":"Servicii de Tuns, Vopsit, Styling \u0219i \u00cengrijire P\u0103r - Hairgonomy Cluj-Napoca","og_description":"Descoper\u0103 servicii profesionale de tuns, vopsit, styling \u0219i \u00eengrijire p\u0103r la Hairgonomy, salonul din Cluj-Napoca dedicat frumuse\u021bii \u0219i s\u0103n\u0103t\u0103\u021bii p\u0103rului t\u0103u. Oferim solu\u021bii personalizate pentru fiecare tip de p\u0103r, cu rezultate excep\u021bionale \u0219i un look impecabil.","og_url":"https:\/\/hairgonomy.com\/ro\/servicii\/","og_site_name":"Hairgonomy","article_modified_time":"2025-01-11T13:12:13+00:00","twitter_card":"summary_large_image","twitter_misc":{"Timp estimat pentru citire":"7 minute"},"schema":{"@context":"https:\/\/schema.org","@graph":[{"@type":"WebPage","@id":"https:\/\/hairgonomy.com\/ro\/servicii\/","url":"https:\/\/hairgonomy.com\/ro\/servicii\/","name":"Servicii de Tuns, Vopsit, Styling \u0219i \u00cengrijire P\u0103r - Hairgonomy Cluj-Napoca","isPartOf":{"@id":"https:\/\/hairgonomy.com\/#website"},"datePublished":"2015-03-13T11:22:09+00:00","dateModified":"2025-01-11T13:12:13+00:00","description":"Descoper\u0103 servicii profesionale de tuns, vopsit, styling \u0219i \u00eengrijire p\u0103r la Hairgonomy, salonul din Cluj-Napoca dedicat frumuse\u021bii \u0219i s\u0103n\u0103t\u0103\u021bii p\u0103rului t\u0103u. Oferim solu\u021bii personalizate pentru fiecare tip de p\u0103r, cu rezultate excep\u021bionale \u0219i un look impecabil.","breadcrumb":{"@id":"https:\/\/hairgonomy.com\/ro\/servicii\/#breadcrumb"},"inLanguage":"ro-RO","potentialAction":[{"@type":"ReadAction","target":["https:\/\/hairgonomy.com\/ro\/servicii\/"]}]},{"@type":"BreadcrumbList","@id":"https:\/\/hairgonomy.com\/ro\/servicii\/#breadcrumb","itemListElement":[{"@type":"ListItem","position":1,"name":"Home","item":"https:\/\/hairgonomy.com\/ro\/"},{"@type":"ListItem","position":2,"name":"Servicii"}]},{"@type":"WebSite","@id":"https:\/\/hairgonomy.com\/#website","url":"https:\/\/hairgonomy.com\/","name":"Hairgonomy","description":"","potentialAction":[{"@type":"SearchAction","target":{"@type":"EntryPoint","urlTemplate":"https:\/\/hairgonomy.com\/?s={search_term_string}"},"query-input":{"@type":"PropertyValueSpecification","valueRequired":true,"valueName":"search_term_string"}}],"inLanguage":"ro-RO"}]}},"_links":{"self":[{"href":"https:\/\/hairgonomy.com\/ro\/wp-json\/wp\/v2\/pages\/4039","targetHints":{"allow":["GET"]}}],"collection":[{"href":"https:\/\/hairgonomy.com\/ro\/wp-json\/wp\/v2\/pages"}],"about":[{"href":"https:\/\/hairgonomy.com\/ro\/wp-json\/wp\/v2\/types\/page"}],"author":[{"embeddable":true,"href":"https:\/\/hairgonomy.com\/ro\/wp-json\/wp\/v2\/users\/1"}],"replies":[{"embeddable":true,"href":"https:\/\/hairgonomy.com\/ro\/wp-json\/wp\/v2\/comments?post=4039"}],"version-history":[{"count":16,"href":"https:\/\/hairgonomy.com\/ro\/wp-json\/wp\/v2\/pages\/4039\/revisions"}],"predecessor-version":[{"id":4115,"href":"https:\/\/hairgonomy.com\/ro\/wp-json\/wp\/v2\/pages\/4039\/revisions\/4115"}],"wp:attachment":[{"href":"https:\/\/hairgonomy.com\/ro\/wp-json\/wp\/v2\/media?parent=4039"}],"curies":[{"name":"wp","href":"https:\/\/api.w.org\/{rel}","templated":true}]}}