{"id":4004,"date":"2015-03-19T00:35:05","date_gmt":"2015-03-19T00:35:05","guid":{"rendered":"https:\/\/hairgonomy.com\/acasa\/"},"modified":"2025-01-11T17:51:55","modified_gmt":"2025-01-11T17:51:55","slug":"acasa","status":"publish","type":"page","link":"https:\/\/hairgonomy.com\/ro\/","title":{"rendered":"Acas\u0103"},"content":{"rendered":"<div class=\"wpb-content-wrapper\"><p>[vc_row][vc_column css_animation=&#8221;none&#8221; reveal_effect=&#8221;fadeIn&#8221; css=&#8221;.vc_custom_1508770226721{padding-top: 40px !important;padding-bottom: 40px !important;}&#8221; reveal_delay=&#8221;0.3&#8243;][vc_single_image image=&#8221;3968&#8243; img_size=&#8221;full&#8221; alignment=&#8221;center&#8221; css=&#8221;&#8221;][\/vc_column][\/vc_row][vc_row][vc_column css_animation=&#8221;none&#8221; reveal_effect=&#8221;fadeIn&#8221; css=&#8221;.vc_custom_1508770226721{padding-top: 40px !important;padding-bottom: 40px !important;}&#8221; reveal_delay=&#8221;0.3&#8243;][lab_text_autotype typed_text=&#8221;#E-8_TW9kZXJuJTIwcGhpbG9zb3BoeSUyMG1lZXRzJTIwYSUyMG1pbmltYWwlMjB2aXNpb24lMjAtJTIwd2VsY29tZSUyMHRvJTIwJTBBJTIwJTNDc3BhbiUyMGNsYXNzJTNEJTIyYmxvY2slMjIlM0UlMkFIYWlyZ29ub215JTJBJTNDJTJGc3BhbiUzRQ==&#8221; typed_show_options=&#8221;yes&#8221; typed_options_cursorchar=&#8221;_&#8221; typed_options_typespeed=&#8221;100&#8243; typed_options_backspeed=&#8221;50&#8243; typed_options_startdelay=&#8221;300&#8243;][\/vc_column][\/vc_row][vc_row][vc_column css_animation=&#8221;none&#8221; reveal_effect=&#8221;fadeIn&#8221; css=&#8221;.vc_custom_1508770226721{padding-top: 40px !important;padding-bottom: 40px !important;}&#8221; reveal_delay=&#8221;0.3&#8243;][vc_column_text]<\/p>\n<h3>REFLECTING AESTHETICS<\/h3>\n<h4>WHERE HAIR MEETS ERGONOMICS<\/h4>\n<p>\u201eBine a\u021bi venit la Hairgonomy, unde am redefinit experien\u021ba salonului de la bun \u00eenceput. Funda\u021bia noastr\u0103 se bazeaz\u0103 pe patru valori de baz\u0103: \u00eengrijire exclusiv\u0103, design inovator al p\u0103rului, creativitate f\u0103r\u0103 margini \u0219i arta primirii. Aceste valori sunt esen\u021ba angajamentului nostru fa\u021b\u0103 de excelen\u021b\u0103.<\/p>\n<p>Pasiona\u021bi de transformare \u0219i auto-exprimare, cre\u0103m opere de art\u0103 personalizate cu un profund sim\u021b al inova\u021biei.<\/p>\n<p>Abordarea noastr\u0103 este la fel de unic\u0103 ca \u0219i dumneavoastr\u0103, asigur\u00e2ndu-ne c\u0103 fiecare vizit\u0103 este o experien\u021b\u0103 de neuitat, ridic\u00e2nd-o la un t\u0103r\u00e2m al elegan\u021bei, emo\u021biei, surprizei \u0219i feericului.<\/p>\n<p>Experimenteaz\u0103 diferen\u021ba, unde p\u0103rul t\u0103u devine o p\u00e2nz\u0103, iar fiecare vizit\u0103 este o c\u0103l\u0103torie \u00een extraordinar, adaptat\u0103 doar pentru tine.\u201d[\/vc_column_text][vc_video link=&#8221;https:\/\/youtu.be\/6e3-Y1B4j1c?si=GAPqqLopwrRVYZWA&#8221; css=&#8221;&#8221;][\/vc_column][\/vc_row][vc_row][vc_column css_animation=&#8221;none&#8221; reveal_effect=&#8221;fadeIn&#8221; css=&#8221;.vc_custom_1508770226721{padding-top: 40px !important;padding-bottom: 40px !important;}&#8221; reveal_delay=&#8221;0.3&#8243;][vc_column_text]<\/p>\n<h4>CE ESTE DESIGNUL P\u0102RULUI?<\/h4>\n<p>[\/vc_column_text][vc_btn title=&#8221;DESCOPER\u0102&#8221;][\/vc_column][\/vc_row][vc_row css_animation=&#8221;none&#8221;][vc_column css_animation=&#8221;none&#8221; reveal_effect=&#8221;fadeIn&#8221; reveal_duration=&#8221;1&#8243; reveal_delay=&#8221;0.3&#8243;][lab_portfolio_items default_filter_category=&#8221;projects&#8221; portfolio_type=&#8221;type-2&#8243; dynamic_image_height=&#8221;yes&#8221; pagination_type=&#8221;endless&#8221; portfolio_query=&#8221;size:6|order_by:date|post_type:portfolio&#8221;][\/vc_column][\/vc_row][vc_row disable_element=&#8221;yes&#8221;][vc_column css_animation=&#8221;none&#8221; reveal_effect=&#8221;fadeIn&#8221; reveal_duration=&#8221;0.7&#8243; reveal_delay=&#8221;0.1&#8243;][lab_heading title=&#8221;Clien\u021bii.&#8221;]\u00cen spatele clien\u021bilor no\u0219tri v\u0103d un proiect, \u00een spatele fiec\u0103rei oportunit\u0103\u021bi de proiect.<br \/>\nAce\u0219tia sunt c\u00e2\u021biva cu care am avut pl\u0103cerea de a lucra. Vrei s\u0103 fii urm\u0103torul?[\/lab_heading][\/vc_column][\/vc_row][vc_row disable_element=&#8221;yes&#8221;][vc_column][lab_clients column_spacing=&#8221;yes&#8221; image_borders=&#8221;no&#8221; reveal_effect=&#8221;fadeIn-one&#8221; height=&#8221;180&#8243;][lab_clients_entry image=&#8221;3575&#8243; title=&#8221;Wella professionals&#8221; link=&#8221;url:http%3A%2F%2Fwww.laborator.co|title:Laborator%20Site|target:_blank|rel:nofollow|&#8221;][lab_clients_entry image=&#8221;3574&#8243; title=&#8221;Zogy&#8221; link=&#8221;url:http%3A%2F%2Fwww.laborator.co|target:_blank|rel:nofollow|&#8221;][lab_clients_entry image=&#8221;3573&#8243; title=&#8221;Wawez&#8221; link=&#8221;url:http%3A%2F%2Fwww.laborator.co|target:_blank|rel:nofollow|&#8221;][lab_clients_entry image=&#8221;3572&#8243; title=&#8221;Pikado&#8221; link=&#8221;url:http%3A%2F%2Fwww.laborator.co|target:_blank|rel:nofollow|&#8221;][lab_clients_entry image=&#8221;3572&#8243; title=&#8221;Finvert&#8221; link=&#8221;url:http%3A%2F%2Fwww.laborator.co|target:_blank|rel:nofollow|&#8221;][lab_clients_entry image=&#8221;3573&#8243; title=&#8221;Bird Creative&#8221; link=&#8221;url:http%3A%2F%2Fwww.laborator.co|target:_blank|rel:nofollow|&#8221;][lab_clients_entry image=&#8221;3574&#8243; title=&#8221;Horsy&#8221; link=&#8221;url:http%3A%2F%2Fwww.laborator.co|target:_blank|rel:nofollow|&#8221;][lab_clients_entry image=&#8221;3575&#8243; link=&#8221;url:http%3A%2F%2Fwww.laborator.co|target:_blank|rel:nofollow|&#8221; title=&#8221;Athletica&#8221;][\/lab_clients][\/vc_column][\/vc_row][vc_row][vc_column][\/vc_column][\/vc_row][vc_row][vc_column css_animation=&#8221;none&#8221; reveal_effect=&#8221;fadeIn&#8221; css=&#8221;.vc_custom_1508770226721{padding-top: 40px !important;padding-bottom: 40px !important;}&#8221; reveal_delay=&#8221;0.3&#8243;][lab_text_autotype typed_text=&#8221;#E-8_RWxldmF0aW5nJTIwdGhlJTIwYXJ0JTIwb2YlMjBoYWlyc3R5bGluZyUyMCUyNiUyMGN1dHRpbmclMjB3aXRoJTIwYSUyMCUyMCUzQ3NwYW4lMjBjbGFzcyUzRCUyMmJsb2NrJTIyJTNFJTJBZnJlc2glMjB2aXNpb24lMkElM0MlMkZzcGFuJTNF&#8221; typed_show_options=&#8221;yes&#8221; typed_options_cursorchar=&#8221;_&#8221; typed_options_typespeed=&#8221;100&#8243; typed_options_backspeed=&#8221;50&#8243; typed_options_startdelay=&#8221;300&#8243;][\/vc_column][\/vc_row]<\/p>\n<\/div>","protected":false},"excerpt":{"rendered":"<p>[vc_row][vc_column css_animation=&#8221;none&#8221; reveal_effect=&#8221;fadeIn&#8221; css=&#8221;.vc_custom_1508770226721{padding-top: 40px !important;padding-bottom: 40px !important;}&#8221; reveal_delay=&#8221;0.3&#8243;][vc_single_image image=&#8221;3968&#8243; img_size=&#8221;full&#8221; alignment=&#8221;center&#8221; css=&#8221;&#8221;][\/vc_column][\/vc_row][vc_row][vc_column css_animation=&#8221;none&#8221; reveal_effect=&#8221;fadeIn&#8221; css=&#8221;.vc_custom_1508770226721{padding-top: 40px !important;padding-bottom: 40px !important;}&#8221; reveal_delay=&#8221;0.3&#8243;][lab_text_autotype typed_text=&#8221;#E-8_TW9kZXJuJTIwcGhpbG9zb3BoeSUyMG1lZXRzJTIwYSUyMG1pbmltYWwlMjB2aXNpb24lMjAtJTIwd2VsY29tZSUyMHRvJTIwJTBBJTIwJTNDc3BhbiUyMGNsYXNzJTNEJTIyYmxvY2slMjIlM0UlMkFIYWlyZ29ub215JTJBJTNDJTJGc3BhbiUzRQ==&#8221; typed_show_options=&#8221;yes&#8221; typed_options_cursorchar=&#8221;_&#8221; typed_options_typespeed=&#8221;100&#8243; typed_options_backspeed=&#8221;50&#8243; typed_options_startdelay=&#8221;300&#8243;][\/vc_column][\/vc_row][vc_row][vc_column css_animation=&#8221;none&#8221; reveal_effect=&#8221;fadeIn&#8221; css=&#8221;.vc_custom_1508770226721{padding-top: 40px !important;padding-bottom: 40px !important;}&#8221; reveal_delay=&#8221;0.3&#8243;][vc_column_text] REFLECTING AESTHETICS WHERE HAIR MEETS ERGONOMICS \u201eBine a\u021bi venit la Hairgonomy, unde am redefinit experien\u021ba salonului de la bun \u00eenceput.&hellip;<\/p>\n","protected":false},"author":1,"featured_media":0,"parent":0,"menu_order":0,"comment_status":"open","ping_status":"open","template":"","meta":{"_acf_changed":false,"footnotes":""},"class_list":["post-4004","page","type-page","status-publish","hentry"],"acf":[],"yoast_head":"<!-- This site is optimized with the Yoast SEO plugin v24.2 - https:\/\/yoast.com\/wordpress\/plugins\/seo\/ -->\n<title>Hairgonomy Cluj-Napoca - Servicii Profesionale pentru P\u0103rul T\u0103u<\/title>\n<meta name=\"description\" content=\"Viziteaz\u0103 salonul Hairgonomy \u00een Cluj-Napoca pentru servicii de \u00eenfrumuse\u021bare a p\u0103rului de \u00eenalt\u0103 calitate. Oferim tunsori, vopsire, styling \u0219i tratamente personalizate, pentru un p\u0103r s\u0103n\u0103tos \u0219i plin de vitalitate.\" \/>\n<meta name=\"robots\" content=\"index, follow, max-snippet:-1, max-image-preview:large, max-video-preview:-1\" \/>\n<link rel=\"canonical\" href=\"https:\/\/hairgonomy.com\/ro\/\" \/>\n<meta property=\"og:locale\" content=\"ro_RO\" \/>\n<meta property=\"og:type\" content=\"article\" \/>\n<meta property=\"og:title\" content=\"Hairgonomy Cluj-Napoca - Servicii Profesionale pentru P\u0103rul T\u0103u\" \/>\n<meta property=\"og:description\" content=\"Viziteaz\u0103 salonul Hairgonomy \u00een Cluj-Napoca pentru servicii de \u00eenfrumuse\u021bare a p\u0103rului de \u00eenalt\u0103 calitate. Oferim tunsori, vopsire, styling \u0219i tratamente personalizate, pentru un p\u0103r s\u0103n\u0103tos \u0219i plin de vitalitate.\" \/>\n<meta property=\"og:url\" content=\"https:\/\/hairgonomy.com\/ro\/\" \/>\n<meta property=\"og:site_name\" content=\"Hairgonomy\" \/>\n<meta property=\"article:modified_time\" content=\"2025-01-11T17:51:55+00:00\" \/>\n<meta name=\"twitter:card\" content=\"summary_large_image\" \/>\n<meta name=\"twitter:label1\" content=\"Timp estimat pentru citire\" \/>\n\t<meta name=\"twitter:data1\" content=\"3 minute\" \/>\n<script type=\"application\/ld+json\" class=\"yoast-schema-graph\">{\"@context\":\"https:\/\/schema.org\",\"@graph\":[{\"@type\":\"WebPage\",\"@id\":\"https:\/\/hairgonomy.com\/ro\/\",\"url\":\"https:\/\/hairgonomy.com\/ro\/\",\"name\":\"Hairgonomy Cluj-Napoca - Servicii Profesionale pentru P\u0103rul T\u0103u\",\"isPartOf\":{\"@id\":\"https:\/\/hairgonomy.com\/#website\"},\"datePublished\":\"2015-03-19T00:35:05+00:00\",\"dateModified\":\"2025-01-11T17:51:55+00:00\",\"description\":\"Viziteaz\u0103 salonul Hairgonomy \u00een Cluj-Napoca pentru servicii de \u00eenfrumuse\u021bare a p\u0103rului de \u00eenalt\u0103 calitate. Oferim tunsori, vopsire, styling \u0219i tratamente personalizate, pentru un p\u0103r s\u0103n\u0103tos \u0219i plin de vitalitate.\",\"breadcrumb\":{\"@id\":\"https:\/\/hairgonomy.com\/ro\/#breadcrumb\"},\"inLanguage\":\"ro-RO\",\"potentialAction\":[{\"@type\":\"ReadAction\",\"target\":[\"https:\/\/hairgonomy.com\/ro\/\"]}]},{\"@type\":\"BreadcrumbList\",\"@id\":\"https:\/\/hairgonomy.com\/ro\/#breadcrumb\",\"itemListElement\":[{\"@type\":\"ListItem\",\"position\":1,\"name\":\"Home\",\"item\":\"https:\/\/hairgonomy.com\/ro\/\"},{\"@type\":\"ListItem\",\"position\":2,\"name\":\"Acas\u0103\"}]},{\"@type\":\"WebSite\",\"@id\":\"https:\/\/hairgonomy.com\/#website\",\"url\":\"https:\/\/hairgonomy.com\/\",\"name\":\"Hairgonomy\",\"description\":\"\",\"potentialAction\":[{\"@type\":\"SearchAction\",\"target\":{\"@type\":\"EntryPoint\",\"urlTemplate\":\"https:\/\/hairgonomy.com\/?s={search_term_string}\"},\"query-input\":{\"@type\":\"PropertyValueSpecification\",\"valueRequired\":true,\"valueName\":\"search_term_string\"}}],\"inLanguage\":\"ro-RO\"}]}<\/script>\n<!-- \/ Yoast SEO plugin. -->","yoast_head_json":{"title":"Hairgonomy Cluj-Napoca - Servicii Profesionale pentru P\u0103rul T\u0103u","description":"Viziteaz\u0103 salonul Hairgonomy \u00een Cluj-Napoca pentru servicii de \u00eenfrumuse\u021bare a p\u0103rului de \u00eenalt\u0103 calitate. Oferim tunsori, vopsire, styling \u0219i tratamente personalizate, pentru un p\u0103r s\u0103n\u0103tos \u0219i plin de vitalitate.","robots":{"index":"index","follow":"follow","max-snippet":"max-snippet:-1","max-image-preview":"max-image-preview:large","max-video-preview":"max-video-preview:-1"},"canonical":"https:\/\/hairgonomy.com\/ro\/","og_locale":"ro_RO","og_type":"article","og_title":"Hairgonomy Cluj-Napoca - Servicii Profesionale pentru P\u0103rul T\u0103u","og_description":"Viziteaz\u0103 salonul Hairgonomy \u00een Cluj-Napoca pentru servicii de \u00eenfrumuse\u021bare a p\u0103rului de \u00eenalt\u0103 calitate. Oferim tunsori, vopsire, styling \u0219i tratamente personalizate, pentru un p\u0103r s\u0103n\u0103tos \u0219i plin de vitalitate.","og_url":"https:\/\/hairgonomy.com\/ro\/","og_site_name":"Hairgonomy","article_modified_time":"2025-01-11T17:51:55+00:00","twitter_card":"summary_large_image","twitter_misc":{"Timp estimat pentru citire":"3 minute"},"schema":{"@context":"https:\/\/schema.org","@graph":[{"@type":"WebPage","@id":"https:\/\/hairgonomy.com\/ro\/","url":"https:\/\/hairgonomy.com\/ro\/","name":"Hairgonomy Cluj-Napoca - Servicii Profesionale pentru P\u0103rul T\u0103u","isPartOf":{"@id":"https:\/\/hairgonomy.com\/#website"},"datePublished":"2015-03-19T00:35:05+00:00","dateModified":"2025-01-11T17:51:55+00:00","description":"Viziteaz\u0103 salonul Hairgonomy \u00een Cluj-Napoca pentru servicii de \u00eenfrumuse\u021bare a p\u0103rului de \u00eenalt\u0103 calitate. Oferim tunsori, vopsire, styling \u0219i tratamente personalizate, pentru un p\u0103r s\u0103n\u0103tos \u0219i plin de vitalitate.","breadcrumb":{"@id":"https:\/\/hairgonomy.com\/ro\/#breadcrumb"},"inLanguage":"ro-RO","potentialAction":[{"@type":"ReadAction","target":["https:\/\/hairgonomy.com\/ro\/"]}]},{"@type":"BreadcrumbList","@id":"https:\/\/hairgonomy.com\/ro\/#breadcrumb","itemListElement":[{"@type":"ListItem","position":1,"name":"Home","item":"https:\/\/hairgonomy.com\/ro\/"},{"@type":"ListItem","position":2,"name":"Acas\u0103"}]},{"@type":"WebSite","@id":"https:\/\/hairgonomy.com\/#website","url":"https:\/\/hairgonomy.com\/","name":"Hairgonomy","description":"","potentialAction":[{"@type":"SearchAction","target":{"@type":"EntryPoint","urlTemplate":"https:\/\/hairgonomy.com\/?s={search_term_string}"},"query-input":{"@type":"PropertyValueSpecification","valueRequired":true,"valueName":"search_term_string"}}],"inLanguage":"ro-RO"}]}},"_links":{"self":[{"href":"https:\/\/hairgonomy.com\/ro\/wp-json\/wp\/v2\/pages\/4004","targetHints":{"allow":["GET"]}}],"collection":[{"href":"https:\/\/hairgonomy.com\/ro\/wp-json\/wp\/v2\/pages"}],"about":[{"href":"https:\/\/hairgonomy.com\/ro\/wp-json\/wp\/v2\/types\/page"}],"author":[{"embeddable":true,"href":"https:\/\/hairgonomy.com\/ro\/wp-json\/wp\/v2\/users\/1"}],"replies":[{"embeddable":true,"href":"https:\/\/hairgonomy.com\/ro\/wp-json\/wp\/v2\/comments?post=4004"}],"version-history":[{"count":23,"href":"https:\/\/hairgonomy.com\/ro\/wp-json\/wp\/v2\/pages\/4004\/revisions"}],"predecessor-version":[{"id":4117,"href":"https:\/\/hairgonomy.com\/ro\/wp-json\/wp\/v2\/pages\/4004\/revisions\/4117"}],"wp:attachment":[{"href":"https:\/\/hairgonomy.com\/ro\/wp-json\/wp\/v2\/media?parent=4004"}],"curies":[{"name":"wp","href":"https:\/\/api.w.org\/{rel}","templated":true}]}}